{"id":1658,"date":"2019-12-14T21:40:51","date_gmt":"2019-12-14T19:40:51","guid":{"rendered":"https:\/\/profi-vnfil.eu\/materiale\/"},"modified":"2021-11-22T14:04:24","modified_gmt":"2021-11-22T12:04:24","slug":"outputs","status":"publish","type":"page","link":"https:\/\/profi-vnfil.eu\/it\/outputs\/","title":{"rendered":"Outputs"},"content":{"rendered":"<p>[vc_row][vc_column][vc_empty_space height=&#8221;50px&#8221;][\/vc_column][\/vc_row][vc_row css=&#8221;.vc_custom_1576325619989{padding-right: 5% !important;padding-left: 5% !important;}&#8221;][vc_column width=&#8221;1\/2&#8243; col_shadow=&#8221;box_shadow_enable:disable|shadow_horizontal:0|shadow_vertical:15|shadow_blur:50|shadow_spread:0|box_shadow_color:rgba(0%2C0%2C0%2C0.35)&#8221; col_shadow_hover=&#8221;box_shadow_enable:enable|shadow_horizontal:0|shadow_vertical:15|shadow_blur:50|shadow_spread:0|box_shadow_color:rgba(0%2C0%2C0%2C0.35)&#8221; css=&#8221;.vc_custom_1576318986125{border-radius: 10px !important;}&#8221;][vc_empty_space height=&#8221;50px&#8221;][dfd_presentation_bg_decoration ic_dfd_icons=&#8221;dfd-socicon-magnifying-glass&#8221; title=&#8221;Compendium&#8221; subtitle=&#8221;Creazione del Compendio di pratiche esistenti e strumenti innovativi ed efficaci per la validazione dell\u2019apprendimento non-formale ed informale&#8221; main_content=&#8221;&#8221; main_style=&#8221;style-3&#8243; undefined=&#8221;&#8221; title_font_options=&#8221;tag:h3&#8243; subtitle_font_options=&#8221;tag:h4|color:%23333333&#8243;][dfd_modal_box display_options=&#8221;on_click&#8221; button_text=&#8221;Per saperne di pi\u00f9&#8221; box_shadow=&#8221;box_shadow_enable:disable|shadow_horizontal:0|shadow_vertical:15|shadow_blur:50|shadow_spread:0|box_shadow_color:rgba(0%2C0%2C0%2C0.35)&#8221; hover_box_shadow=&#8221;box_shadow_enable:disable|shadow_horizontal:0|shadow_vertical:15|shadow_blur:50|shadow_spread:0|box_shadow_color:rgba(0%2C0%2C0%2C0.35)&#8221; modal_box_width=&#8221;800&#8243;][vc_column_text]<\/p>\n<h3>A chi si rivolge il Compendio?<\/h3>\n<p>Il Compendio sar\u00e0 un pacchetto unico ed innovativo contenente sia pratiche gi\u00e0 esistenti ritenute efficaci sia strumenti di convalida. Questo garantir\u00e0 un supporto a chi eroga servizi di validazione dell\u2019apprendimento non-formale ed informale, che \u00e8 alla ricerca di pratiche e strumenti innovativi per lavorare in modo pi\u00f9 efficace.<\/p>\n<h3>Come si intende utilizzare il Compendio?<\/h3>\n<p>L\u2019obiettivo \u00e8 di introdurre gli utenti alla gamma di pratiche di validazione e strumenti di convalida efficaci. La community della validazione dell\u2019apprendimento non-formale ed informale sar\u00e0 incoraggiata a consultare il Compendio per scegliere gli approcci che soddisfano le esigenze di specifici tipi di fornitori (formazione professionale o educazione per adulti).<\/p>\n<p>Queste informazioni saranno disponibili online e faranno parte di uno strumento interattivo e di ricerca per collegare gli utenti alle pratiche e agli strumenti di validazione innovativi. Questo compendio \u00e8 quindi da considerarsi come un\u2019istantanea dello stato attuale delle cose e in continuo aggiornamento, man mano che emergono evidenze su ulteriori pratiche in questo campo in rapida evoluzione.<\/p>\n<p>Il Compendio \u00e8 da intendere come riferimento per adattare, aggiornare e ulteriormente sviluppare strategie di validazione dell\u2019apprendimento non-formale e informale.[\/vc_column_text][dfd_button button_text=&#8221;Compendio&#8221; select_icon=&#8221;fontawesome&#8221; ic_fontawesome=&#8221;fa fa-sign-in&#8221; main_style=&#8221;style-2&#8243; buttom_link_src=&#8221;url:%2Fit%2Fcompendium%2F|title:Compendio||&#8221; undefined=&#8221;&#8221; box_shadow=&#8221;box_shadow_enable:disable|shadow_horizontal:0|shadow_vertical:15|shadow_blur:50|shadow_spread:0|box_shadow_color:rgba(0%2C0%2C0%2C0.35)&#8221; hover_box_shadow=&#8221;box_shadow_enable:disable|shadow_horizontal:0|shadow_vertical:15|shadow_blur:50|shadow_spread:0|box_shadow_color:rgba(0%2C0%2C0%2C0.35)&#8221;][\/dfd_modal_box][vc_empty_space height=&#8221;50px&#8221;][\/vc_column][vc_column width=&#8221;1\/2&#8243; css=&#8221;.vc_custom_1576319010964{border-radius: 10px !important;}&#8221; col_shadow=&#8221;box_shadow_enable:disable|shadow_horizontal:0|shadow_vertical:15|shadow_blur:50|shadow_spread:0|box_shadow_color:rgba(0%2C0%2C0%2C0.35)&#8221; col_shadow_hover=&#8221;box_shadow_enable:enable|shadow_horizontal:0|shadow_vertical:15|shadow_blur:50|shadow_spread:0|box_shadow_color:rgba(0%2C0%2C0%2C0.35)&#8221;][vc_empty_space height=&#8221;50px&#8221;][dfd_presentation_bg_decoration ic_dfd_icons=&#8221;dfd-socicon-open-laptop-computer&#8221; title=&#8221;e-portfolio &amp; toolkit&#8221; subtitle=&#8221;Creazione di un e-portfolio, di una piattaforma e di strumenti per l\u2019autovalutazione degli studenti e dei candidati alla validazione dell\u2019apprendimento non-formale ed informale&#8221; main_content=&#8221;&#8221; bg_content=&#8221;02.&#8221; main_style=&#8221;style-3&#8243; undefined=&#8221;&#8221; title_font_options=&#8221;tag:h3&#8243; subtitle_font_options=&#8221;tag:h4|color:%23333333&#8243;][dfd_modal_box display_options=&#8221;on_click&#8221; button_text=&#8221;Per saperne di pi\u00f9&#8221; box_shadow=&#8221;box_shadow_enable:disable|shadow_horizontal:0|shadow_vertical:15|shadow_blur:50|shadow_spread:0|box_shadow_color:rgba(0%2C0%2C0%2C0.35)&#8221; hover_box_shadow=&#8221;box_shadow_enable:disable|shadow_horizontal:0|shadow_vertical:15|shadow_blur:50|shadow_spread:0|box_shadow_color:rgba(0%2C0%2C0%2C0.35)&#8221; modal_box_width=&#8221;800&#8243;][vc_column_text]<\/p>\n<h3>E-portfolio: uno strumento online per l\u2019autovalutazione.<\/h3>\n<p>Un portfolio elettronico (e-portfolio) per la raccolta di evidenze elettroniche, assemblate e gestite online dall\u2018utente che vuole autovalutare le proprie abilit\u00e0 personali e le competenze acquisite attraverso apprendimenti non formale e informale per procedere alla loro validazione. Tale prova elettronica di apprendimento ed esperienza lavorativa includer\u00e0 un testo, file elettronici, immagini, multimedia, voci di blog, collegamenti e altre prove ancora. Gli e-portfolio saranno una dimostrazione delle capacit\u00e0 del candidato: possono, infatti, essere utilizzati come strumento di screening per determinare se il candidato \u00e8 pronto ad accedere alla procedura di validazione completa o \u00e8 necessario identificare le competenze necessarie.<br \/>\nLe evidenze degli apprendimenti e delle esperienze lavorative messe a disposizione online potranno includere testi, documenti elettronici, immagini, file multimediali, contenuti da blog, link e altro, da intendere in continuo aggiornamento.<br \/>\nDa un lato, quindi, gli e-portfolio faciliteranno la riflessione dei candidati sul proprio apprendimento, portando ad una maggiore consapevolezza delle strategie e dei bisogni di apprendimento. Dall\u2019altro lato, aiuteranno insegnanti, formatori e consulenti di orientamento a convalidare le capacit\u00e0 e le competenze dei candidati.[\/vc_column_text][dfd_button button_text=&#8221;E-portfolio&#8221; select_icon=&#8221;fontawesome&#8221; ic_fontawesome=&#8221;fa fa-sign-in&#8221; main_style=&#8221;style-2&#8243; buttom_link_src=&#8221;url:https%3A%2F%2Fportfolio.profi-vnfil.eu|title:E-portfolio||&#8221; undefined=&#8221;&#8221; box_shadow=&#8221;box_shadow_enable:disable|shadow_horizontal:0|shadow_vertical:15|shadow_blur:50|shadow_spread:0|box_shadow_color:rgba(0%2C0%2C0%2C0.35)&#8221; hover_box_shadow=&#8221;box_shadow_enable:disable|shadow_horizontal:0|shadow_vertical:15|shadow_blur:50|shadow_spread:0|box_shadow_color:rgba(0%2C0%2C0%2C0.35)&#8221;][\/dfd_modal_box][vc_empty_space height=&#8221;50px&#8221;][\/vc_column][\/vc_row][vc_row][vc_column][vc_empty_space height=&#8221;50px&#8221;][vc_empty_space height=&#8221;50px&#8221;][\/vc_column][\/vc_row][vc_row css=&#8221;.vc_custom_1576325629504{padding-right: 5% !important;padding-left: 5% !important;}&#8221;][vc_column width=&#8221;1\/2&#8243; col_shadow=&#8221;box_shadow_enable:disable|shadow_horizontal:0|shadow_vertical:15|shadow_blur:50|shadow_spread:0|box_shadow_color:rgba(0%2C0%2C0%2C0.35)&#8221; col_shadow_hover=&#8221;box_shadow_enable:enable|shadow_horizontal:0|shadow_vertical:15|shadow_blur:50|shadow_spread:0|box_shadow_color:rgba(0%2C0%2C0%2C0.35)&#8221; css=&#8221;.vc_custom_1576325019034{border-radius: 10px !important;}&#8221;][vc_empty_space height=&#8221;50px&#8221;][dfd_presentation_bg_decoration ic_dfd_icons=&#8221;dfd-socicon-book2&#8243; title=&#8221;Formazione&#8221; subtitle=&#8221;Programma di formazione per i professionisti della validazione&#8221; main_content=&#8221;&#8221; bg_content=&#8221;03.&#8221; main_style=&#8221;style-3&#8243; undefined=&#8221;&#8221; title_font_options=&#8221;tag:h3&#8243; subtitle_font_options=&#8221;tag:h4|color:%23333333&#8243;][dfd_modal_box display_options=&#8221;on_click&#8221; button_text=&#8221;Per saperne di pi\u00f9&#8221; box_shadow=&#8221;box_shadow_enable:disable|shadow_horizontal:0|shadow_vertical:15|shadow_blur:50|shadow_spread:0|box_shadow_color:rgba(0%2C0%2C0%2C0.35)&#8221; hover_box_shadow=&#8221;box_shadow_enable:disable|shadow_horizontal:0|shadow_vertical:15|shadow_blur:50|shadow_spread:0|box_shadow_color:rgba(0%2C0%2C0%2C0.35)&#8221; modal_box_width=&#8221;800&#8243;][vc_column_text]<\/p>\n<h3>Programma di formazione per formatori \/ valutatori, consulenti di orientamento che operano nel processo di validazione delle competenze<\/h3>\n<p>Due diversi programmi di formazione saranno offerti:<\/p>\n<p>1. Per formatori\/trici e valutatori\/trici: contenente consigli utili su come organizzare la formazione di tutti i professionisti coinvolti per aumentarne le conoscenze e abilit\u00e0, e per migliorare la gamma di attivit\u00e0 e servizi inmplementati favorendo un migliore accesso al processo di validazione.<\/p>\n<p>2. Per gli\/le orientatori\/trici: finalizzato ad aumentare la capacit\u00e0 dei consulenti di orientamento di fornire consulenza e informazioni di alta qualit\u00e0 ai candidati VINFIL.<\/p>\n<p>Il programma di formazione sar\u00e0 validato nel corso della formazione formatori internazionale con lo staff delle organizzazioni partner che si terr\u00e0 a Perugia (Italia) e poi a livello nazionale con i professionisti della validazione coinvolti, prima di poter essere trasferito ad altri paesi e contesti.<br \/>\n[\/vc_column_text][dfd_button button_text=&#8221;Formazione&#8221; main_style=&#8221;style-2&#8243; buttom_link_src=&#8221;url:https%3A%2F%2Fprofi-vnfil.eu%2Fwp-content%2Fuploads%2F2021%2F11%2FIO3_PROFI_VNFIL_TRAINING_PROGRAMM_Trainers_PRACTITIONERS_VNFIL_FINAL.pdf|title:training%20programme|target:_blank&#8221; undefined=&#8221;&#8221; box_shadow=&#8221;box_shadow_enable:disable|shadow_horizontal:0|shadow_vertical:15|shadow_blur:50|shadow_spread:0|box_shadow_color:rgba(0%2C0%2C0%2C0.35)&#8221; hover_box_shadow=&#8221;box_shadow_enable:disable|shadow_horizontal:0|shadow_vertical:15|shadow_blur:50|shadow_spread:0|box_shadow_color:rgba(0%2C0%2C0%2C0.35)&#8221; tutorials=&#8221;&#8221;][\/dfd_modal_box][vc_empty_space height=&#8221;50px&#8221;][\/vc_column][vc_column width=&#8221;1\/2&#8243; col_shadow=&#8221;box_shadow_enable:disable|shadow_horizontal:0|shadow_vertical:15|shadow_blur:50|shadow_spread:0|box_shadow_color:rgba(0%2C0%2C0%2C0.35)&#8221; col_shadow_hover=&#8221;box_shadow_enable:enable|shadow_horizontal:0|shadow_vertical:15|shadow_blur:50|shadow_spread:0|box_shadow_color:rgba(0%2C0%2C0%2C0.35)&#8221; css=&#8221;.vc_custom_1576325025943{border-radius: 10px !important;}&#8221;][vc_empty_space height=&#8221;50px&#8221;][dfd_presentation_bg_decoration ic_dfd_icons=&#8221;dfd-socicon-suitcase-with-white-details&#8221; title=&#8221;Documenti strategici&#8221; subtitle=&#8221;Documenti strategici a livello nazionale per sostenere i soggetti responsabili del processo di validazione in ambito di istruzione e formazione professionale e apprendimento degli adulti&#8221; main_content=&#8221;&#8221; bg_content=&#8221;04.&#8221; main_style=&#8221;style-3&#8243; undefined=&#8221;&#8221; title_font_options=&#8221;tag:h3&#8243; subtitle_font_options=&#8221;tag:h4|color:%23333333&#8243;][dfd_modal_box display_options=&#8221;on_click&#8221; button_text=&#8221;Per saperne di pi\u00f9&#8221; box_shadow=&#8221;box_shadow_enable:disable|shadow_horizontal:0|shadow_vertical:15|shadow_blur:50|shadow_spread:0|box_shadow_color:rgba(0%2C0%2C0%2C0.35)&#8221; hover_box_shadow=&#8221;box_shadow_enable:disable|shadow_horizontal:0|shadow_vertical:15|shadow_blur:50|shadow_spread:0|box_shadow_color:rgba(0%2C0%2C0%2C0.35)&#8221; modal_box_width=&#8221;800&#8243;][vc_column_text]<\/p>\n<h3>Documenti strategici nazionali (DSN) per supportare la validazione di competenze acquisite in modo non-formale ed informale nell\u2019IFP<\/h3>\n<p>Il Documento Strategico Nazionale (DSN) mira a promuovere la qualit\u00e0 e l\u2019efficienza del sistema di validazione, supportando la societ\u00e0 e i decisori politici.<br \/>\n\u00c8 innovativo perch\u00e9 affronta le lacune esistenti nelle strategie nazionali di alcuni paesi. Tra le altre, il sostegno insufficiente per l\u2019accettazione della convalida e\/o la scarsa visibilit\u00e0 del processo; la scarsa partecipazione del settore volontario,la mancanza di strumenti digitali e legami deboli tra le attivit\u00e0 di convalida nel settore pubblico, privato e del volontariato (Cedefop Inventory VNFIL 2014). La progettazione di strategie e raccomandazioni nazionali sosterrebbe la qualit\u00e0 e l\u2019efficienza del sistema di validazione degli apprendiemnti non-formali ed informali, e contribuir\u00e0 a creare tali collegamenti e a favorirne la cooperazione.<\/p>\n<p><center><div class=\"_df_button \" id=\"df_3142\"  wpoptions=\"true\" >Documenti strategici nazionali<\/div><script data-cfasync=\"false\">var option_df_3142 = {\"outline\":[],\"forceFit\":\"true\",\"autoEnableOutline\":\"false\",\"autoEnableThumbnail\":\"false\",\"overwritePDFOutline\":\"false\",\"direction\":\"1\",\"pageMode\":\"0\",\"source\":\"https:\\\/\\\/profi-vnfil.eu\\\/wp-content\\\/uploads\\\/2021\\\/11\\\/IO4-recommendations_IT_.pdf\",\"wpOptions\":\"true\"}; if(window.DFLIP && DFLIP.parseBooks){DFLIP.parseBooks();}<\/script><\/center>[\/vc_column_text][\/dfd_modal_box][vc_empty_space height=&#8221;50px&#8221;][\/vc_column][\/vc_row]<\/p>\n","protected":false},"excerpt":{"rendered":"<p>[vc_row][vc_column][vc_empty_space height=&#8221;50px&#8221;][\/vc_column][\/vc_row][vc_row css=&#8221;.vc_custom_1576325619989{padding-right: 5% !important;padding-left: 5% !important;}&#8221;][vc_column width=&#8221;1\/2&#8243; col_shadow=&#8221;box_shadow_enable:disable|shadow_horizontal:0|shadow_vertical:15|shadow_blur:50|shadow_spread:0|box_shadow_color:rgba(0%2C0%2C0%2C0.35)&#8221; col_shadow_hover=&#8221;box_shadow_enable:enable|shadow_horizontal:0|shadow_vertical:15|shadow_blur:50|shadow_spread:0|box_shadow_color:rgba(0%2C0%2C0%2C0.35)&#8221; css=&#8221;.vc_custom_1576318986125{border-radius: 10px !important;}&#8221;][vc_empty_space height=&#8221;50px&#8221;][dfd_presentation_bg_decoration ic_dfd_icons=&#8221;dfd-socicon-magnifying-glass&#8221; title=&#8221;Compendium&#8221; subtitle=&#8221;Creazione del Compendio di pratiche esistenti e strumenti innovativi ed efficaci per la validazione<\/p>\n","protected":false},"author":1,"featured_media":2042,"parent":0,"menu_order":0,"comment_status":"closed","ping_status":"closed","template":"","meta":[],"yoast_head":"<!-- This site is optimized with the Yoast SEO plugin v20.0 - https:\/\/yoast.com\/wordpress\/plugins\/seo\/ -->\n<title>Outputs | VNFIL<\/title>\n<meta name=\"robots\" content=\"index, follow, max-snippet:-1, max-image-preview:large, max-video-preview:-1\" \/>\n<link rel=\"canonical\" href=\"https:\/\/profi-vnfil.eu\/it\/outputs\/\" \/>\n<meta property=\"og:locale\" content=\"it_IT\" \/>\n<meta property=\"og:type\" content=\"article\" \/>\n<meta property=\"og:title\" content=\"Outputs | VNFIL\" \/>\n<meta property=\"og:description\" content=\"[vc_row][vc_column][vc_empty_space height=&#8221;50px&#8221;][\/vc_column][\/vc_row][vc_row css=&#8221;.vc_custom_1576325619989{padding-right: 5% !important;padding-left: 5% !important;}&#8221;][vc_column width=&#8221;1\/2&#8243; col_shadow=&#8221;box_shadow_enable:disable|shadow_horizontal:0|shadow_vertical:15|shadow_blur:50|shadow_spread:0|box_shadow_color:rgba(0%2C0%2C0%2C0.35)&#8221; col_shadow_hover=&#8221;box_shadow_enable:enable|shadow_horizontal:0|shadow_vertical:15|shadow_blur:50|shadow_spread:0|box_shadow_color:rgba(0%2C0%2C0%2C0.35)&#8221; css=&#8221;.vc_custom_1576318986125{border-radius: 10px !important;}&#8221;][vc_empty_space height=&#8221;50px&#8221;][dfd_presentation_bg_decoration ic_dfd_icons=&#8221;dfd-socicon-magnifying-glass&#8221; title=&#8221;Compendium&#8221; subtitle=&#8221;Creazione del Compendio di pratiche esistenti e strumenti innovativi ed efficaci per la validazione\" \/>\n<meta property=\"og:url\" content=\"https:\/\/profi-vnfil.eu\/it\/outputs\/\" \/>\n<meta property=\"og:site_name\" content=\"VNFIL\" \/>\n<meta property=\"article:publisher\" content=\"https:\/\/www.facebook.com\/profivnfil\" \/>\n<meta property=\"article:modified_time\" content=\"2021-11-22T12:04:24+00:00\" \/>\n<meta property=\"og:image\" content=\"https:\/\/profi-vnfil.eu\/wp-content\/uploads\/2020\/01\/featured-image-material.jpg\" \/>\n\t<meta property=\"og:image:width\" content=\"1200\" \/>\n\t<meta property=\"og:image:height\" content=\"630\" \/>\n\t<meta property=\"og:image:type\" content=\"image\/jpeg\" \/>\n<meta name=\"twitter:card\" content=\"summary_large_image\" \/>\n<meta name=\"twitter:label1\" content=\"Tempo di lettura stimato\" \/>\n\t<meta name=\"twitter:data1\" content=\"8 minuti\" \/>\n<script type=\"application\/ld+json\" class=\"yoast-schema-graph\">{\"@context\":\"https:\/\/schema.org\",\"@graph\":[{\"@type\":\"WebPage\",\"@id\":\"https:\/\/profi-vnfil.eu\/it\/outputs\/\",\"url\":\"https:\/\/profi-vnfil.eu\/it\/outputs\/\",\"name\":\"Outputs | VNFIL\",\"isPartOf\":{\"@id\":\"https:\/\/profi-vnfil.eu\/#website\"},\"datePublished\":\"2019-12-14T19:40:51+00:00\",\"dateModified\":\"2021-11-22T12:04:24+00:00\",\"breadcrumb\":{\"@id\":\"https:\/\/profi-vnfil.eu\/it\/outputs\/#breadcrumb\"},\"inLanguage\":\"it-IT\",\"potentialAction\":[{\"@type\":\"ReadAction\",\"target\":[\"https:\/\/profi-vnfil.eu\/it\/outputs\/\"]}]},{\"@type\":\"BreadcrumbList\",\"@id\":\"https:\/\/profi-vnfil.eu\/it\/outputs\/#breadcrumb\",\"itemListElement\":[{\"@type\":\"ListItem\",\"position\":1,\"name\":\"Home\",\"item\":\"https:\/\/profi-vnfil.eu\/it\/home\/\"},{\"@type\":\"ListItem\",\"position\":2,\"name\":\"Outputs\"}]},{\"@type\":\"WebSite\",\"@id\":\"https:\/\/profi-vnfil.eu\/#website\",\"url\":\"https:\/\/profi-vnfil.eu\/\",\"name\":\"PROFI VNFIL\",\"description\":\"Validation of Non Formal &amp; Informal Learning\",\"publisher\":{\"@id\":\"https:\/\/profi-vnfil.eu\/#organization\"},\"potentialAction\":[{\"@type\":\"SearchAction\",\"target\":{\"@type\":\"EntryPoint\",\"urlTemplate\":\"https:\/\/profi-vnfil.eu\/?s={search_term_string}\"},\"query-input\":\"required name=search_term_string\"}],\"inLanguage\":\"it-IT\"},{\"@type\":\"Organization\",\"@id\":\"https:\/\/profi-vnfil.eu\/#organization\",\"name\":\"PROFI VNFIL\",\"url\":\"https:\/\/profi-vnfil.eu\/\",\"logo\":{\"@type\":\"ImageObject\",\"inLanguage\":\"it-IT\",\"@id\":\"https:\/\/profi-vnfil.eu\/#\/schema\/logo\/image\/\",\"url\":\"https:\/\/profi-vnfil.eu\/wp-content\/uploads\/2020\/02\/profi-logo-150px.png\",\"contentUrl\":\"https:\/\/profi-vnfil.eu\/wp-content\/uploads\/2020\/02\/profi-logo-150px.png\",\"width\":150,\"height\":150,\"caption\":\"PROFI VNFIL\"},\"image\":{\"@id\":\"https:\/\/profi-vnfil.eu\/#\/schema\/logo\/image\/\"},\"sameAs\":[\"https:\/\/www.facebook.com\/profivnfil\"]}]}<\/script>\n<!-- \/ Yoast SEO plugin. -->","yoast_head_json":{"title":"Outputs | VNFIL","robots":{"index":"index","follow":"follow","max-snippet":"max-snippet:-1","max-image-preview":"max-image-preview:large","max-video-preview":"max-video-preview:-1"},"canonical":"https:\/\/profi-vnfil.eu\/it\/outputs\/","og_locale":"it_IT","og_type":"article","og_title":"Outputs | VNFIL","og_description":"[vc_row][vc_column][vc_empty_space height=&#8221;50px&#8221;][\/vc_column][\/vc_row][vc_row css=&#8221;.vc_custom_1576325619989{padding-right: 5% !important;padding-left: 5% !important;}&#8221;][vc_column width=&#8221;1\/2&#8243; col_shadow=&#8221;box_shadow_enable:disable|shadow_horizontal:0|shadow_vertical:15|shadow_blur:50|shadow_spread:0|box_shadow_color:rgba(0%2C0%2C0%2C0.35)&#8221; col_shadow_hover=&#8221;box_shadow_enable:enable|shadow_horizontal:0|shadow_vertical:15|shadow_blur:50|shadow_spread:0|box_shadow_color:rgba(0%2C0%2C0%2C0.35)&#8221; css=&#8221;.vc_custom_1576318986125{border-radius: 10px !important;}&#8221;][vc_empty_space height=&#8221;50px&#8221;][dfd_presentation_bg_decoration ic_dfd_icons=&#8221;dfd-socicon-magnifying-glass&#8221; title=&#8221;Compendium&#8221; subtitle=&#8221;Creazione del Compendio di pratiche esistenti e strumenti innovativi ed efficaci per la validazione","og_url":"https:\/\/profi-vnfil.eu\/it\/outputs\/","og_site_name":"VNFIL","article_publisher":"https:\/\/www.facebook.com\/profivnfil","article_modified_time":"2021-11-22T12:04:24+00:00","og_image":[{"width":1200,"height":630,"url":"https:\/\/profi-vnfil.eu\/wp-content\/uploads\/2020\/01\/featured-image-material.jpg","type":"image\/jpeg"}],"twitter_card":"summary_large_image","twitter_misc":{"Tempo di lettura stimato":"8 minuti"},"schema":{"@context":"https:\/\/schema.org","@graph":[{"@type":"WebPage","@id":"https:\/\/profi-vnfil.eu\/it\/outputs\/","url":"https:\/\/profi-vnfil.eu\/it\/outputs\/","name":"Outputs | VNFIL","isPartOf":{"@id":"https:\/\/profi-vnfil.eu\/#website"},"datePublished":"2019-12-14T19:40:51+00:00","dateModified":"2021-11-22T12:04:24+00:00","breadcrumb":{"@id":"https:\/\/profi-vnfil.eu\/it\/outputs\/#breadcrumb"},"inLanguage":"it-IT","potentialAction":[{"@type":"ReadAction","target":["https:\/\/profi-vnfil.eu\/it\/outputs\/"]}]},{"@type":"BreadcrumbList","@id":"https:\/\/profi-vnfil.eu\/it\/outputs\/#breadcrumb","itemListElement":[{"@type":"ListItem","position":1,"name":"Home","item":"https:\/\/profi-vnfil.eu\/it\/home\/"},{"@type":"ListItem","position":2,"name":"Outputs"}]},{"@type":"WebSite","@id":"https:\/\/profi-vnfil.eu\/#website","url":"https:\/\/profi-vnfil.eu\/","name":"PROFI VNFIL","description":"Validation of Non Formal &amp; Informal Learning","publisher":{"@id":"https:\/\/profi-vnfil.eu\/#organization"},"potentialAction":[{"@type":"SearchAction","target":{"@type":"EntryPoint","urlTemplate":"https:\/\/profi-vnfil.eu\/?s={search_term_string}"},"query-input":"required name=search_term_string"}],"inLanguage":"it-IT"},{"@type":"Organization","@id":"https:\/\/profi-vnfil.eu\/#organization","name":"PROFI VNFIL","url":"https:\/\/profi-vnfil.eu\/","logo":{"@type":"ImageObject","inLanguage":"it-IT","@id":"https:\/\/profi-vnfil.eu\/#\/schema\/logo\/image\/","url":"https:\/\/profi-vnfil.eu\/wp-content\/uploads\/2020\/02\/profi-logo-150px.png","contentUrl":"https:\/\/profi-vnfil.eu\/wp-content\/uploads\/2020\/02\/profi-logo-150px.png","width":150,"height":150,"caption":"PROFI VNFIL"},"image":{"@id":"https:\/\/profi-vnfil.eu\/#\/schema\/logo\/image\/"},"sameAs":["https:\/\/www.facebook.com\/profivnfil"]}]}},"_links":{"self":[{"href":"https:\/\/profi-vnfil.eu\/it\/wp-json\/wp\/v2\/pages\/1658"}],"collection":[{"href":"https:\/\/profi-vnfil.eu\/it\/wp-json\/wp\/v2\/pages"}],"about":[{"href":"https:\/\/profi-vnfil.eu\/it\/wp-json\/wp\/v2\/types\/page"}],"author":[{"embeddable":true,"href":"https:\/\/profi-vnfil.eu\/it\/wp-json\/wp\/v2\/users\/1"}],"replies":[{"embeddable":true,"href":"https:\/\/profi-vnfil.eu\/it\/wp-json\/wp\/v2\/comments?post=1658"}],"version-history":[{"count":17,"href":"https:\/\/profi-vnfil.eu\/it\/wp-json\/wp\/v2\/pages\/1658\/revisions"}],"predecessor-version":[{"id":3201,"href":"https:\/\/profi-vnfil.eu\/it\/wp-json\/wp\/v2\/pages\/1658\/revisions\/3201"}],"wp:featuredmedia":[{"embeddable":true,"href":"https:\/\/profi-vnfil.eu\/it\/wp-json\/wp\/v2\/media\/2042"}],"wp:attachment":[{"href":"https:\/\/profi-vnfil.eu\/it\/wp-json\/wp\/v2\/media?parent=1658"}],"curies":[{"name":"wp","href":"https:\/\/api.w.org\/{rel}","templated":true}]}}