{"id":1664,"date":"2019-12-14T21:49:47","date_gmt":"2019-12-14T19:49:47","guid":{"rendered":"https:\/\/profi-vnfil.eu\/collaborazione\/"},"modified":"2021-03-31T14:36:29","modified_gmt":"2021-03-31T11:36:29","slug":"collaborazione","status":"publish","type":"page","link":"https:\/\/profi-vnfil.eu\/it\/collaborazione\/","title":{"rendered":"Collaborazione"},"content":{"rendered":"<p>[vc_row css=&#8221;.vc_custom_1576325660097{padding-right: 5% !important;padding-left: 5% !important;}&#8221;][vc_column][vc_empty_space height=&#8221;50px&#8221;][dfd_info_banner style=&#8221;style-28&#8243; img_width=&#8221;&#8221; img_height=&#8221;&#8221; title=&#8221;Sindacato lituano dell\u2018istruzione e delle scienze&#8221; subtitle=&#8221;Lituania&#8221; banner_content=&#8221;Sindacato lituano dell\u2018istruzione e delle scienze (LESTU) \u00e8 il pi\u00f9 grande sindacato per docenti ed educatori in Lituania. LESTU \u00e8 l\u2018unico sindacato lituano che riunisce professionisti dai diversi ambiti dell\u2018istruzione e formazione.&#8221; read_more=&#8221;more&#8221; readmore_style=&#8221;read-more-5&#8243; image_effect=&#8221;dfd-image-blur&#8221; image=&#8221;2998&#8243; title_font_options=&#8221;tag:h2|color:%23ffcb00&#8243; subtitle_font_options=&#8221;tag:h4&#8243; font_options=&#8221;tag:div&#8221; link=&#8221;url:https%3A%2F%2Fwww.svietimoprofsajunga.lt%2F||target:%20_blank|&#8221; readmore_show=&#8221;show&#8221; tutorials=&#8221;&#8221;][vc_row_inner][vc_column_inner width=&#8221;1\/2&#8243;][dfd_info_banner style=&#8221;style-28&#8243; img_width=&#8221;&#8221; img_height=&#8221;&#8221; title=&#8221;Vilnius Car Mechanics &#038; Business School&#8221; subtitle=&#8221;Lituania&#8221; banner_content=&#8221;VAVM \u00e8 uno dei pi\u00f9 grandi istituti di formazione professionale in Lituania e opera nel settore della meccanica e automotive.&#8221; read_more=&#8221;box&#8221; readmore_style=&#8221;read-more-5&#8243; image_effect=&#8221;dfd-image-blur&#8221; image=&#8221;1350&#8243; title_font_options=&#8221;tag:h3|color:%23ffcb00&#8243; subtitle_font_options=&#8221;tag:h4&#8243; font_options=&#8221;tag:div&#8221; link=&#8221;url:https%3A%2F%2Fvavm.lt%2F||target:%20_blank|&#8221; readmore_show=&#8221;show&#8221;][\/vc_column_inner][vc_column_inner width=&#8221;1\/2&#8243;][dfd_info_banner style=&#8221;style-28&#8243; img_width=&#8221;&#8221; img_height=&#8221;&#8221; title=&#8221;FORMA.Azione&#8221; subtitle=&#8221;Italia&#8221; banner_content=&#8221;FORMA.Azione opera da oltre 20 anni e ha una consolidata esperienza in ambito di formazione professionale, educazione degli adulti e progetti internazionali. \u00c8 agenzia accreditata presso la Regione Umbria. Nel suo staff operano 4 professionisti\/e certificati\/e per la validazione.&#8221; read_more=&#8221;more&#8221; readmore_style=&#8221;read-more-5&#8243; image_effect=&#8221;dfd-image-blur&#8221; image=&#8221;382&#8243; title_font_options=&#8221;tag:h3|color:%23ffcb00&#8243; subtitle_font_options=&#8221;tag:h4&#8243; font_options=&#8221;tag:div&#8221; link=&#8221;url:https%3A%2F%2Fwww.azione.com%2F%3Flang%3Den||target:%20_blank|&#8221; readmore_show=&#8221;show&#8221;][\/vc_column_inner][\/vc_row_inner][vc_row_inner][vc_column_inner width=&#8221;1\/2&#8243;][dfd_info_banner style=&#8221;style-28&#8243; img_width=&#8221;&#8221; img_height=&#8221;&#8221; title=&#8221;CECOA&#8221; subtitle=&#8221;Portogallo&#8221; banner_content=&#8221;Centro di formazione professionale pubblico,\u00e8 stato creato da un protocollo tra l\u2019Istituto per l\u2019occupazione e la formazione professionale e la Confederazione portoghese dei servizi commerciali e dei servizi. Lo scopo di CECOA \u00e8 quello di promuovere attivit\u00e0 educative e formazione professionale. CECOA \u00e8 anche un centro accreditato per la validazione dell\u2018apprendimento non formale e informale con oltre 15 anni di esperienza.&#8221; read_more=&#8221;more&#8221; readmore_style=&#8221;read-more-5&#8243; image_effect=&#8221;dfd-image-blur&#8221; image=&#8221;1823&#8243; title_font_options=&#8221;tag:h3|color:%23ffcb00&#8243; subtitle_font_options=&#8221;tag:h4&#8243; font_options=&#8221;tag:div&#8221; link=&#8221;url:https%3A%2F%2Fwww.cecoa.pt%2F||target:%20_blank|&#8221; readmore_show=&#8221;show&#8221;][\/vc_column_inner][vc_column_inner width=&#8221;1\/2&#8243;][dfd_info_banner style=&#8221;style-28&#8243; img_width=&#8221;&#8221; img_height=&#8221;&#8221; title=&#8221;p-consulting.gr&#8221; subtitle=&#8221;Grecia&#8221; banner_content=&#8221;\u00c8 un\u2019azienda innovativa e dinamica nel campo della ricerca e della consulenza. Si trova a Patrasso, ma opera anche in tutta la Grecia e in Europa; con obiettivi principali la fornitura di servizi di consulenza di qualit\u00e0, formazione e tecnologie di comunicazione.&#8221; read_more=&#8221;box&#8221; readmore_style=&#8221;read-more-5&#8243; image_effect=&#8221;dfd-image-blur&#8221; image=&#8221;385&#8243; title_font_options=&#8221;tag:h3|color:%23ffcb00&#8243; subtitle_font_options=&#8221;tag:h4&#8243; font_options=&#8221;tag:div&#8221; link=&#8221;url:https%3A%2F%2Fwww.p-consulting.gr%2Fen%2F||target:%20_blank|&#8221; readmore_show=&#8221;show&#8221;][\/vc_column_inner][\/vc_row_inner][vc_empty_space height=&#8221;50px&#8221;][\/vc_column][\/vc_row]<\/p>\n","protected":false},"excerpt":{"rendered":"<p>[vc_row css=&#8221;.vc_custom_1576325660097{padding-right: 5% !important;padding-left: 5% !important;}&#8221;][vc_column][vc_empty_space height=&#8221;50px&#8221;][dfd_info_banner style=&#8221;style-28&#8243; img_width=&#8221;&#8221; img_height=&#8221;&#8221; title=&#8221;Sindacato lituano dell\u2018istruzione e delle scienze&#8221; subtitle=&#8221;Lituania&#8221; banner_content=&#8221;Sindacato lituano dell\u2018istruzione e delle scienze (LESTU) \u00e8 il pi\u00f9 grande sindacato per<\/p>\n","protected":false},"author":1,"featured_media":2052,"parent":0,"menu_order":0,"comment_status":"closed","ping_status":"closed","template":"","meta":[],"yoast_head":"<!-- This site is optimized with the Yoast SEO plugin v20.0 - https:\/\/yoast.com\/wordpress\/plugins\/seo\/ -->\n<title>Collaborazione | VNFIL<\/title>\n<meta name=\"robots\" content=\"index, follow, max-snippet:-1, max-image-preview:large, max-video-preview:-1\" \/>\n<link rel=\"canonical\" href=\"https:\/\/profi-vnfil.eu\/it\/collaborazione\/\" \/>\n<meta property=\"og:locale\" content=\"it_IT\" \/>\n<meta property=\"og:type\" content=\"article\" \/>\n<meta property=\"og:title\" content=\"Collaborazione | VNFIL\" \/>\n<meta property=\"og:description\" content=\"[vc_row css=&#8221;.vc_custom_1576325660097{padding-right: 5% !important;padding-left: 5% !important;}&#8221;][vc_column][vc_empty_space height=&#8221;50px&#8221;][dfd_info_banner style=&#8221;style-28&#8243; img_width=&#8221;&#8221; img_height=&#8221;&#8221; title=&#8221;Sindacato lituano dell\u2018istruzione e delle scienze&#8221; subtitle=&#8221;Lituania&#8221; banner_content=&#8221;Sindacato lituano dell\u2018istruzione e delle scienze (LESTU) \u00e8 il pi\u00f9 grande sindacato per\" \/>\n<meta property=\"og:url\" content=\"https:\/\/profi-vnfil.eu\/it\/collaborazione\/\" \/>\n<meta property=\"og:site_name\" content=\"VNFIL\" \/>\n<meta property=\"article:publisher\" content=\"https:\/\/www.facebook.com\/profivnfil\" \/>\n<meta property=\"article:modified_time\" content=\"2021-03-31T11:36:29+00:00\" \/>\n<meta property=\"og:image\" content=\"https:\/\/profi-vnfil.eu\/wp-content\/uploads\/2020\/01\/featured-image-partners.jpg\" \/>\n\t<meta property=\"og:image:width\" content=\"1200\" \/>\n\t<meta property=\"og:image:height\" content=\"630\" \/>\n\t<meta property=\"og:image:type\" content=\"image\/jpeg\" \/>\n<meta name=\"twitter:card\" content=\"summary_large_image\" \/>\n<meta name=\"twitter:label1\" content=\"Tempo di lettura stimato\" \/>\n\t<meta name=\"twitter:data1\" content=\"3 minuti\" \/>\n<script type=\"application\/ld+json\" class=\"yoast-schema-graph\">{\"@context\":\"https:\/\/schema.org\",\"@graph\":[{\"@type\":\"WebPage\",\"@id\":\"https:\/\/profi-vnfil.eu\/it\/collaborazione\/\",\"url\":\"https:\/\/profi-vnfil.eu\/it\/collaborazione\/\",\"name\":\"Collaborazione | VNFIL\",\"isPartOf\":{\"@id\":\"https:\/\/profi-vnfil.eu\/#website\"},\"datePublished\":\"2019-12-14T19:49:47+00:00\",\"dateModified\":\"2021-03-31T11:36:29+00:00\",\"breadcrumb\":{\"@id\":\"https:\/\/profi-vnfil.eu\/it\/collaborazione\/#breadcrumb\"},\"inLanguage\":\"it-IT\",\"potentialAction\":[{\"@type\":\"ReadAction\",\"target\":[\"https:\/\/profi-vnfil.eu\/it\/collaborazione\/\"]}]},{\"@type\":\"BreadcrumbList\",\"@id\":\"https:\/\/profi-vnfil.eu\/it\/collaborazione\/#breadcrumb\",\"itemListElement\":[{\"@type\":\"ListItem\",\"position\":1,\"name\":\"Home\",\"item\":\"https:\/\/profi-vnfil.eu\/it\/home\/\"},{\"@type\":\"ListItem\",\"position\":2,\"name\":\"Collaborazione\"}]},{\"@type\":\"WebSite\",\"@id\":\"https:\/\/profi-vnfil.eu\/#website\",\"url\":\"https:\/\/profi-vnfil.eu\/\",\"name\":\"PROFI VNFIL\",\"description\":\"Validation of Non Formal &amp; Informal Learning\",\"publisher\":{\"@id\":\"https:\/\/profi-vnfil.eu\/#organization\"},\"potentialAction\":[{\"@type\":\"SearchAction\",\"target\":{\"@type\":\"EntryPoint\",\"urlTemplate\":\"https:\/\/profi-vnfil.eu\/?s={search_term_string}\"},\"query-input\":\"required name=search_term_string\"}],\"inLanguage\":\"it-IT\"},{\"@type\":\"Organization\",\"@id\":\"https:\/\/profi-vnfil.eu\/#organization\",\"name\":\"PROFI VNFIL\",\"url\":\"https:\/\/profi-vnfil.eu\/\",\"logo\":{\"@type\":\"ImageObject\",\"inLanguage\":\"it-IT\",\"@id\":\"https:\/\/profi-vnfil.eu\/#\/schema\/logo\/image\/\",\"url\":\"https:\/\/profi-vnfil.eu\/wp-content\/uploads\/2020\/02\/profi-logo-150px.png\",\"contentUrl\":\"https:\/\/profi-vnfil.eu\/wp-content\/uploads\/2020\/02\/profi-logo-150px.png\",\"width\":150,\"height\":150,\"caption\":\"PROFI VNFIL\"},\"image\":{\"@id\":\"https:\/\/profi-vnfil.eu\/#\/schema\/logo\/image\/\"},\"sameAs\":[\"https:\/\/www.facebook.com\/profivnfil\"]}]}<\/script>\n<!-- \/ Yoast SEO plugin. -->","yoast_head_json":{"title":"Collaborazione | VNFIL","robots":{"index":"index","follow":"follow","max-snippet":"max-snippet:-1","max-image-preview":"max-image-preview:large","max-video-preview":"max-video-preview:-1"},"canonical":"https:\/\/profi-vnfil.eu\/it\/collaborazione\/","og_locale":"it_IT","og_type":"article","og_title":"Collaborazione | VNFIL","og_description":"[vc_row css=&#8221;.vc_custom_1576325660097{padding-right: 5% !important;padding-left: 5% !important;}&#8221;][vc_column][vc_empty_space height=&#8221;50px&#8221;][dfd_info_banner style=&#8221;style-28&#8243; img_width=&#8221;&#8221; img_height=&#8221;&#8221; title=&#8221;Sindacato lituano dell\u2018istruzione e delle scienze&#8221; subtitle=&#8221;Lituania&#8221; banner_content=&#8221;Sindacato lituano dell\u2018istruzione e delle scienze (LESTU) \u00e8 il pi\u00f9 grande sindacato per","og_url":"https:\/\/profi-vnfil.eu\/it\/collaborazione\/","og_site_name":"VNFIL","article_publisher":"https:\/\/www.facebook.com\/profivnfil","article_modified_time":"2021-03-31T11:36:29+00:00","og_image":[{"width":1200,"height":630,"url":"https:\/\/profi-vnfil.eu\/wp-content\/uploads\/2020\/01\/featured-image-partners.jpg","type":"image\/jpeg"}],"twitter_card":"summary_large_image","twitter_misc":{"Tempo di lettura stimato":"3 minuti"},"schema":{"@context":"https:\/\/schema.org","@graph":[{"@type":"WebPage","@id":"https:\/\/profi-vnfil.eu\/it\/collaborazione\/","url":"https:\/\/profi-vnfil.eu\/it\/collaborazione\/","name":"Collaborazione | VNFIL","isPartOf":{"@id":"https:\/\/profi-vnfil.eu\/#website"},"datePublished":"2019-12-14T19:49:47+00:00","dateModified":"2021-03-31T11:36:29+00:00","breadcrumb":{"@id":"https:\/\/profi-vnfil.eu\/it\/collaborazione\/#breadcrumb"},"inLanguage":"it-IT","potentialAction":[{"@type":"ReadAction","target":["https:\/\/profi-vnfil.eu\/it\/collaborazione\/"]}]},{"@type":"BreadcrumbList","@id":"https:\/\/profi-vnfil.eu\/it\/collaborazione\/#breadcrumb","itemListElement":[{"@type":"ListItem","position":1,"name":"Home","item":"https:\/\/profi-vnfil.eu\/it\/home\/"},{"@type":"ListItem","position":2,"name":"Collaborazione"}]},{"@type":"WebSite","@id":"https:\/\/profi-vnfil.eu\/#website","url":"https:\/\/profi-vnfil.eu\/","name":"PROFI VNFIL","description":"Validation of Non Formal &amp; Informal Learning","publisher":{"@id":"https:\/\/profi-vnfil.eu\/#organization"},"potentialAction":[{"@type":"SearchAction","target":{"@type":"EntryPoint","urlTemplate":"https:\/\/profi-vnfil.eu\/?s={search_term_string}"},"query-input":"required name=search_term_string"}],"inLanguage":"it-IT"},{"@type":"Organization","@id":"https:\/\/profi-vnfil.eu\/#organization","name":"PROFI VNFIL","url":"https:\/\/profi-vnfil.eu\/","logo":{"@type":"ImageObject","inLanguage":"it-IT","@id":"https:\/\/profi-vnfil.eu\/#\/schema\/logo\/image\/","url":"https:\/\/profi-vnfil.eu\/wp-content\/uploads\/2020\/02\/profi-logo-150px.png","contentUrl":"https:\/\/profi-vnfil.eu\/wp-content\/uploads\/2020\/02\/profi-logo-150px.png","width":150,"height":150,"caption":"PROFI VNFIL"},"image":{"@id":"https:\/\/profi-vnfil.eu\/#\/schema\/logo\/image\/"},"sameAs":["https:\/\/www.facebook.com\/profivnfil"]}]}},"_links":{"self":[{"href":"https:\/\/profi-vnfil.eu\/it\/wp-json\/wp\/v2\/pages\/1664"}],"collection":[{"href":"https:\/\/profi-vnfil.eu\/it\/wp-json\/wp\/v2\/pages"}],"about":[{"href":"https:\/\/profi-vnfil.eu\/it\/wp-json\/wp\/v2\/types\/page"}],"author":[{"embeddable":true,"href":"https:\/\/profi-vnfil.eu\/it\/wp-json\/wp\/v2\/users\/1"}],"replies":[{"embeddable":true,"href":"https:\/\/profi-vnfil.eu\/it\/wp-json\/wp\/v2\/comments?post=1664"}],"version-history":[{"count":3,"href":"https:\/\/profi-vnfil.eu\/it\/wp-json\/wp\/v2\/pages\/1664\/revisions"}],"predecessor-version":[{"id":3003,"href":"https:\/\/profi-vnfil.eu\/it\/wp-json\/wp\/v2\/pages\/1664\/revisions\/3003"}],"wp:featuredmedia":[{"embeddable":true,"href":"https:\/\/profi-vnfil.eu\/it\/wp-json\/wp\/v2\/media\/2052"}],"wp:attachment":[{"href":"https:\/\/profi-vnfil.eu\/it\/wp-json\/wp\/v2\/media?parent=1664"}],"curies":[{"name":"wp","href":"https:\/\/api.w.org\/{rel}","templated":true}]}}