{"id":1708,"date":"2019-12-14T09:01:25","date_gmt":"2019-12-14T09:01:25","guid":{"rendered":"https:\/\/profi-vnfil.eu\/about\/"},"modified":"2019-12-14T22:30:38","modified_gmt":"2019-12-14T20:30:38","slug":"apie","status":"publish","type":"page","link":"https:\/\/profi-vnfil.eu\/lt\/apie\/","title":{"rendered":"Apie"},"content":{"rendered":"<p>[vc_row css=\u201c.vc_custom_1576325576208{padding-right: 5% !important;padding-left: 5% !important;}\u201c][vc_column][vc_column_text]<\/p>\n<h3 class=\"western\" lang=\"en-US\" data-fontsize=\"25\" data-lineheight=\"37\"><span lang=\"lt-LT\">Projekto apra\u0161ymas<\/span><\/h3>\n<p><img loading=\"lazy\" class=\"alignleft wp-image-1372 size-medium\" src=\"https:\/\/profi-vnfil.eu\/wp-content\/uploads\/2019\/12\/vnfil-home-5-white-fade-300x224.jpg\" alt=\"\" width=\"300\" height=\"224\" srcset=\"https:\/\/profi-vnfil.eu\/wp-content\/uploads\/2019\/12\/vnfil-home-5-white-fade-300x224.jpg 300w, https:\/\/profi-vnfil.eu\/wp-content\/uploads\/2019\/12\/vnfil-home-5-white-fade-1024x766.jpg 1024w, https:\/\/profi-vnfil.eu\/wp-content\/uploads\/2019\/12\/vnfil-home-5-white-fade-768x574.jpg 768w, https:\/\/profi-vnfil.eu\/wp-content\/uploads\/2019\/12\/vnfil-home-5-white-fade-1536x1149.jpg 1536w, https:\/\/profi-vnfil.eu\/wp-content\/uploads\/2019\/12\/vnfil-home-5-white-fade.jpg 2000w\" sizes=\"(max-width: 300px) 100vw, 300px\" \/><\/p>\n<p class=\"western\" lang=\"en-US\"><span lang=\"lt-LT\">Kvalifikuot\u0173 ir \u017eini\u0173 turin\u010di\u0173 pilie\u010di\u0173 svarba Europai apima ne tik formal\u0173j\u012f \u0161vietim\u0105, bet ir mokym\u0105si, \u012fgyt\u0105 neformaliu ar savi\u0161vietos b\u016bdu. Tinkamas neformaliojo ir savi\u0161vietos mokymosi b\u016bdu \u012fgyt\u0173 kompetencij\u0173 (kurias sudaro identifikavimas, dokumentavimas, vertinimas ir sertifikavimas) \u012fteisinimas pad\u0117s \u017emon\u0117ms geriau pateikti savo prid\u0117tin\u0119 vert\u0119 darbo rinkai.<\/span><\/p>\n<p class=\"western\" lang=\"en-US\"><span lang=\"lt-LT\">2012 m. Europos Tarybos rekomendacijoje d\u0117l kompetencij\u0173 pripa\u017einimo, valstyb\u0117s nar\u0117s raginamos iki 2018 m. \u012fdiegti nacionalin\u0119 kompetencij\u0173 pripa\u017einimo tvark\u0105. \u0160ios priemon\u0117s suteiks galimyb\u0119 asmenims tinkamai pristatyti savo \u017einias, \u012fg\u016bd\u017eius ir kompetencijas, \u012fgytas ne formaliojo \u0161vietimo ir mokymo srityje: darbe, namuose ar savanori\u0161koje veikloje ir i\u0161ry\u0161kins j\u0173 vert\u0119.<\/span><\/p>\n<p class=\"western\" lang=\"en-US\"><span lang=\"lt-LT\">VNFIL procesas tik prasideda Europoje, tod\u0117l produktai, kuriuos partneriai yra pasiry\u017e\u0119 sukurti, \u0161iuo metu yra tarp svarbiausi\u0173 ES darbotvark\u0117s klausim\u0173. Jie yra svarb\u016bs ir atsi\u017evelgiant \u012f real\u0173 partneri\u0173 i\u0161 Lietuvos, Italijos, Portugalijos ir Graikijos poreik\u012f.<\/span><\/p>\n<p class=\"western\" lang=\"en-US\"><span lang=\"lt-LT\">Iki \u0161iol projekte dalyvavusios \u0161alys pl\u0117tojo skirtingus VNFIL metodus ir tvark\u0105 (neformaliojo ir savi\u0161vietos mokymosi \u012fteisinimas), ta\u010diau visi partneriai pri\u0117jo bendros nuomon\u0117s, kad reikia profesionalizuoti ir \u012fforminti proces\u0105.<\/span><\/p>\n<p>[\/vc_column_text][vc_empty_space height=\u201c50px\u201c][vc_column_text]<\/p>\n<h3>Visi PROFI-VNFIL partneriai sutiko, kad:<\/h3>\n<blockquote><p>Reikia parengti kandidat\u0173 sav\u0119s \u012fsivertinimo dokument\u0105 ir internetin\u0119 priemon\u0119, su kuria b\u016bt\u0173 galima parengti sav\u0119s \u012fsivertinimo ataskait\u0105 (E-portfel\u012f). Kandidatas gal\u0117s naudoti savo portfel\u012f \u012frodydamas, kad jis turi reikiam\u0173 \u012fg\u016bd\u017ei\u0173 t\u0119sdamas j\u0173 pripa\u017einimo proces\u0105. \u0160i\u0105 priemon\u0119 gali parengti \/ rekomenduoti\/naudoti \u0160vietimo ministerija visiems VNFIL teik\u0117jams;<\/p><\/blockquote>\n<blockquote><p>Taip pat labai svarbu nepamir\u0161ti visuomen\u0117s ir politikos formuotoj\u0173. Glaud\u016bs ry\u0161iai su socialiniais partneriais, informacija ir reklama yra b\u016btini. VNFIL yra ne tik \u012fvertinimas, tai taipogi yra svarbus procesas, pritraukiantis \u012fvairi\u0173 \u0161vietimo ir mokymo sektori\u0173 suinteresuot\u0173j\u0173 \u0161ali\u0173 interesus. Be veiksmingos VNFIL strategijos ir politikos, \u0161vietimo sistema negali dirbti efektyviai. Pilie\u010diai, \u0161vietimo specialistai, darbdaviai ir visos suinteresuotos \u0161alys tur\u0117t\u0173 b\u016bti gerai informuotos ir pasitik\u0117ti VNFIL sistema.<\/p><\/blockquote>\n<blockquote><p>Mokymai yra b\u016btini visiems VNFIL dalyvaujantiems specialistams (jie turi b\u016bti integruoti \u012f mokytoj\u0173 kompetencij\u0173 apra\u0161us). VNFIL dalyvaujantiems specialistams tur\u0117t\u0173 b\u016bti rengiamos mokymo programos. Visose partneri\u0173 \u0161alyse mokytoj\u0173 ir d\u0117stytoj\u0173 mokymosi laikas tiesioginiam mokymuisi yra ribotas ir trunka tik kelias dienas per metus. Tokia praktika suteikia \u201evienkartinio metodo\u201c efekt\u0105, kuris n\u0117ra veiksmingas, siekiant prisitaikyti prie naujai \u012fvestos arba pakoreguotos VNFIL sistemos. Mokytojai turi gauti tinkamus mokymus, kaip atlikti \u012fvertinim\u0105 VNFIL proceso metu.<\/p><\/blockquote>\n<p>[\/vc_column_text][vc_empty_space height=\u201c50px\u201c][vc_column_text]Siekdami u\u017etikrinti profesionalum\u0105 ir tinkam\u0105 kokybi\u0161kos VNFIL sistemos veikim\u0105, projekto partneriai nustat\u0117 tokius tikslus:<\/p>\n<h4>\u00a0Kokybi\u0161kos skaitmenin\u0117s sav\u0119s \u012fsivertinimo ir savianaliz\u0117s priemon\u0117s (E-portfelio) kandidatams k\u016brimas<\/h4>\n<hr \/>\n<h4>VNFIL proceso profesionalizacija \u2013 VNFIL specialist\u0173 rengimo mokymo programa<\/h4>\n<hr \/>\n<div class=\"fusion-text\">\n<h4 class=\"western\" lang=\"en-US\"><span lang=\"lt-LT\">\u0160viesti visuomen\u0119 ir parengti VNFIL nacionalinius strategijos dokumentus<\/span><\/h4>\n<\/div>\n<p>[\/vc_column_text][\/vc_column][\/vc_row]<\/p>\n","protected":false},"excerpt":{"rendered":"<p>[vc_row css=\u201c.vc_custom_1576325576208{padding-right: 5% !important;padding-left: 5% !important;}\u201c][vc_column][vc_column_text] Projekto apra\u0161ymas Kvalifikuot\u0173 ir \u017eini\u0173 turin\u010di\u0173 pilie\u010di\u0173 svarba Europai apima ne tik formal\u0173j\u012f \u0161vietim\u0105, bet ir mokym\u0105si, \u012fgyt\u0105 neformaliu ar savi\u0161vietos b\u016bdu. Tinkamas neformaliojo<\/p>\n","protected":false},"author":1,"featured_media":2033,"parent":0,"menu_order":0,"comment_status":"closed","ping_status":"closed","template":"","meta":[],"yoast_head":"<!-- This site is optimized with the Yoast SEO plugin v20.0 - https:\/\/yoast.com\/wordpress\/plugins\/seo\/ -->\n<title>Apie | VNFIL<\/title>\n<meta name=\"robots\" content=\"index, follow, max-snippet:-1, max-image-preview:large, max-video-preview:-1\" \/>\n<link rel=\"canonical\" href=\"https:\/\/profi-vnfil.eu\/lt\/apie\/\" \/>\n<meta property=\"og:locale\" content=\"lt_LT\" \/>\n<meta property=\"og:type\" content=\"article\" \/>\n<meta property=\"og:title\" content=\"Apie | VNFIL\" \/>\n<meta property=\"og:description\" content=\"[vc_row css=\u201c.vc_custom_1576325576208{padding-right: 5% !important;padding-left: 5% !important;}\u201c][vc_column][vc_column_text] Projekto apra\u0161ymas Kvalifikuot\u0173 ir \u017eini\u0173 turin\u010di\u0173 pilie\u010di\u0173 svarba Europai apima ne tik formal\u0173j\u012f \u0161vietim\u0105, bet ir mokym\u0105si, \u012fgyt\u0105 neformaliu ar savi\u0161vietos b\u016bdu. Tinkamas neformaliojo\" \/>\n<meta property=\"og:url\" content=\"https:\/\/profi-vnfil.eu\/lt\/apie\/\" \/>\n<meta property=\"og:site_name\" content=\"VNFIL\" \/>\n<meta property=\"article:publisher\" content=\"https:\/\/www.facebook.com\/profivnfil\" \/>\n<meta property=\"article:modified_time\" content=\"2019-12-14T20:30:38+00:00\" \/>\n<meta property=\"og:image\" content=\"https:\/\/profi-vnfil.eu\/wp-content\/uploads\/2020\/01\/featured-image-about.jpg\" \/>\n\t<meta property=\"og:image:width\" content=\"1200\" \/>\n\t<meta property=\"og:image:height\" content=\"630\" \/>\n\t<meta property=\"og:image:type\" content=\"image\/jpeg\" \/>\n<meta name=\"twitter:card\" content=\"summary_large_image\" \/>\n<meta name=\"twitter:label1\" content=\"Est. reading time\" \/>\n\t<meta name=\"twitter:data1\" content=\"2 minut\u0117s\" \/>\n<script type=\"application\/ld+json\" class=\"yoast-schema-graph\">{\"@context\":\"https:\/\/schema.org\",\"@graph\":[{\"@type\":\"WebPage\",\"@id\":\"https:\/\/profi-vnfil.eu\/lt\/apie\/\",\"url\":\"https:\/\/profi-vnfil.eu\/lt\/apie\/\",\"name\":\"Apie | VNFIL\",\"isPartOf\":{\"@id\":\"https:\/\/profi-vnfil.eu\/#website\"},\"datePublished\":\"2019-12-14T09:01:25+00:00\",\"dateModified\":\"2019-12-14T20:30:38+00:00\",\"breadcrumb\":{\"@id\":\"https:\/\/profi-vnfil.eu\/lt\/apie\/#breadcrumb\"},\"inLanguage\":\"lt-LT\",\"potentialAction\":[{\"@type\":\"ReadAction\",\"target\":[\"https:\/\/profi-vnfil.eu\/lt\/apie\/\"]}]},{\"@type\":\"BreadcrumbList\",\"@id\":\"https:\/\/profi-vnfil.eu\/lt\/apie\/#breadcrumb\",\"itemListElement\":[{\"@type\":\"ListItem\",\"position\":1,\"name\":\"Home\",\"item\":\"https:\/\/profi-vnfil.eu\/lt\/pagrindinis-puslapis\/\"},{\"@type\":\"ListItem\",\"position\":2,\"name\":\"Apie\"}]},{\"@type\":\"WebSite\",\"@id\":\"https:\/\/profi-vnfil.eu\/#website\",\"url\":\"https:\/\/profi-vnfil.eu\/\",\"name\":\"PROFI VNFIL\",\"description\":\"Validation of Non Formal &amp; Informal Learning\",\"publisher\":{\"@id\":\"https:\/\/profi-vnfil.eu\/#organization\"},\"potentialAction\":[{\"@type\":\"SearchAction\",\"target\":{\"@type\":\"EntryPoint\",\"urlTemplate\":\"https:\/\/profi-vnfil.eu\/?s={search_term_string}\"},\"query-input\":\"required name=search_term_string\"}],\"inLanguage\":\"lt-LT\"},{\"@type\":\"Organization\",\"@id\":\"https:\/\/profi-vnfil.eu\/#organization\",\"name\":\"PROFI VNFIL\",\"url\":\"https:\/\/profi-vnfil.eu\/\",\"logo\":{\"@type\":\"ImageObject\",\"inLanguage\":\"lt-LT\",\"@id\":\"https:\/\/profi-vnfil.eu\/#\/schema\/logo\/image\/\",\"url\":\"https:\/\/profi-vnfil.eu\/wp-content\/uploads\/2020\/02\/profi-logo-150px.png\",\"contentUrl\":\"https:\/\/profi-vnfil.eu\/wp-content\/uploads\/2020\/02\/profi-logo-150px.png\",\"width\":150,\"height\":150,\"caption\":\"PROFI VNFIL\"},\"image\":{\"@id\":\"https:\/\/profi-vnfil.eu\/#\/schema\/logo\/image\/\"},\"sameAs\":[\"https:\/\/www.facebook.com\/profivnfil\"]}]}<\/script>\n<!-- \/ Yoast SEO plugin. -->","yoast_head_json":{"title":"Apie | VNFIL","robots":{"index":"index","follow":"follow","max-snippet":"max-snippet:-1","max-image-preview":"max-image-preview:large","max-video-preview":"max-video-preview:-1"},"canonical":"https:\/\/profi-vnfil.eu\/lt\/apie\/","og_locale":"lt_LT","og_type":"article","og_title":"Apie | VNFIL","og_description":"[vc_row css=\u201c.vc_custom_1576325576208{padding-right: 5% !important;padding-left: 5% !important;}\u201c][vc_column][vc_column_text] Projekto apra\u0161ymas Kvalifikuot\u0173 ir \u017eini\u0173 turin\u010di\u0173 pilie\u010di\u0173 svarba Europai apima ne tik formal\u0173j\u012f \u0161vietim\u0105, bet ir mokym\u0105si, \u012fgyt\u0105 neformaliu ar savi\u0161vietos b\u016bdu. Tinkamas neformaliojo","og_url":"https:\/\/profi-vnfil.eu\/lt\/apie\/","og_site_name":"VNFIL","article_publisher":"https:\/\/www.facebook.com\/profivnfil","article_modified_time":"2019-12-14T20:30:38+00:00","og_image":[{"width":1200,"height":630,"url":"https:\/\/profi-vnfil.eu\/wp-content\/uploads\/2020\/01\/featured-image-about.jpg","type":"image\/jpeg"}],"twitter_card":"summary_large_image","twitter_misc":{"Est. reading time":"2 minut\u0117s"},"schema":{"@context":"https:\/\/schema.org","@graph":[{"@type":"WebPage","@id":"https:\/\/profi-vnfil.eu\/lt\/apie\/","url":"https:\/\/profi-vnfil.eu\/lt\/apie\/","name":"Apie | VNFIL","isPartOf":{"@id":"https:\/\/profi-vnfil.eu\/#website"},"datePublished":"2019-12-14T09:01:25+00:00","dateModified":"2019-12-14T20:30:38+00:00","breadcrumb":{"@id":"https:\/\/profi-vnfil.eu\/lt\/apie\/#breadcrumb"},"inLanguage":"lt-LT","potentialAction":[{"@type":"ReadAction","target":["https:\/\/profi-vnfil.eu\/lt\/apie\/"]}]},{"@type":"BreadcrumbList","@id":"https:\/\/profi-vnfil.eu\/lt\/apie\/#breadcrumb","itemListElement":[{"@type":"ListItem","position":1,"name":"Home","item":"https:\/\/profi-vnfil.eu\/lt\/pagrindinis-puslapis\/"},{"@type":"ListItem","position":2,"name":"Apie"}]},{"@type":"WebSite","@id":"https:\/\/profi-vnfil.eu\/#website","url":"https:\/\/profi-vnfil.eu\/","name":"PROFI VNFIL","description":"Validation of Non Formal &amp; Informal Learning","publisher":{"@id":"https:\/\/profi-vnfil.eu\/#organization"},"potentialAction":[{"@type":"SearchAction","target":{"@type":"EntryPoint","urlTemplate":"https:\/\/profi-vnfil.eu\/?s={search_term_string}"},"query-input":"required name=search_term_string"}],"inLanguage":"lt-LT"},{"@type":"Organization","@id":"https:\/\/profi-vnfil.eu\/#organization","name":"PROFI VNFIL","url":"https:\/\/profi-vnfil.eu\/","logo":{"@type":"ImageObject","inLanguage":"lt-LT","@id":"https:\/\/profi-vnfil.eu\/#\/schema\/logo\/image\/","url":"https:\/\/profi-vnfil.eu\/wp-content\/uploads\/2020\/02\/profi-logo-150px.png","contentUrl":"https:\/\/profi-vnfil.eu\/wp-content\/uploads\/2020\/02\/profi-logo-150px.png","width":150,"height":150,"caption":"PROFI VNFIL"},"image":{"@id":"https:\/\/profi-vnfil.eu\/#\/schema\/logo\/image\/"},"sameAs":["https:\/\/www.facebook.com\/profivnfil"]}]}},"_links":{"self":[{"href":"https:\/\/profi-vnfil.eu\/lt\/wp-json\/wp\/v2\/pages\/1708"}],"collection":[{"href":"https:\/\/profi-vnfil.eu\/lt\/wp-json\/wp\/v2\/pages"}],"about":[{"href":"https:\/\/profi-vnfil.eu\/lt\/wp-json\/wp\/v2\/types\/page"}],"author":[{"embeddable":true,"href":"https:\/\/profi-vnfil.eu\/lt\/wp-json\/wp\/v2\/users\/1"}],"replies":[{"embeddable":true,"href":"https:\/\/profi-vnfil.eu\/lt\/wp-json\/wp\/v2\/comments?post=1708"}],"version-history":[{"count":0,"href":"https:\/\/profi-vnfil.eu\/lt\/wp-json\/wp\/v2\/pages\/1708\/revisions"}],"wp:featuredmedia":[{"embeddable":true,"href":"https:\/\/profi-vnfil.eu\/lt\/wp-json\/wp\/v2\/media\/2033"}],"wp:attachment":[{"href":"https:\/\/profi-vnfil.eu\/lt\/wp-json\/wp\/v2\/media?parent=1708"}],"curies":[{"name":"wp","href":"https:\/\/api.w.org\/{rel}","templated":true}]}}