{"id":1714,"date":"2019-12-14T22:32:34","date_gmt":"2019-12-14T20:32:34","guid":{"rendered":"https:\/\/profi-vnfil.eu\/naujienos\/"},"modified":"2019-12-14T22:32:34","modified_gmt":"2019-12-14T20:32:34","slug":"naujienos","status":"publish","type":"page","link":"https:\/\/profi-vnfil.eu\/lt\/naujienos\/","title":{"rendered":"Naujienos"},"content":{"rendered":"<p>[vc_row css=\u201c.vc_custom_1576325644999{padding-right: 5% !important;padding-left: 5% !important;}\u201c][vc_column][vc_empty_space height=\u201c50px\u201c][vc_column_text]<\/p>\n<h2 data-fontsize=\"40\" data-lineheight=\"50\">Sekite projekto naujienas<\/h2>\n<p>[\/vc_column_text][vc_empty_space][vc_column_text]\u010cia galite rasti m\u016bs\u0173 naujienas, susitikimus ir artimiausias veiklas. Likite prisijung\u0119\u2026[\/vc_column_text][vc_empty_space height=\u201c50px\u201c][dfd_blog_posts posts_to_show=\u201c12&#8243; items_offset=\u201c20&#8243; columns=\u201c3&#8243; thumb_rounded=\u201c6&#8243; show_sort_panel=\u201c\u201c post_show_top_cat=\u201c\u201c post_show_meta_category=\u201c\u201c post_show_content=\u201c\u201c post_show_author_box=\u201c\u201c post_content_alignment=\u201ctext-center\u201c post_content_style=\u201cfull\u201c post_style=\u201cfitRows\u201c][\/vc_column][\/vc_row]<\/p>\n","protected":false},"excerpt":{"rendered":"<p>[vc_row css=\u201c.vc_custom_1576325644999{padding-right: 5% !important;padding-left: 5% !important;}\u201c][vc_column][vc_empty_space height=\u201c50px\u201c][vc_column_text] Sekite projekto naujienas [\/vc_column_text][vc_empty_space][vc_column_text]\u010cia galite rasti m\u016bs\u0173 naujienas, susitikimus ir artimiausias veiklas. Likite prisijung\u0119\u2026[\/vc_column_text][vc_empty_space height=\u201c50px\u201c][dfd_blog_posts posts_to_show=\u201c12&#8243; items_offset=\u201c20&#8243; columns=\u201c3&#8243; thumb_rounded=\u201c6&#8243; show_sort_panel=\u201c\u201c post_show_top_cat=\u201c\u201c post_show_meta_category=\u201c\u201c post_show_content=\u201c\u201c<\/p>\n","protected":false},"author":1,"featured_media":2048,"parent":0,"menu_order":0,"comment_status":"closed","ping_status":"closed","template":"","meta":[],"yoast_head":"<!-- This site is optimized with the Yoast SEO plugin v20.0 - https:\/\/yoast.com\/wordpress\/plugins\/seo\/ -->\n<title>Naujienos | VNFIL<\/title>\n<meta name=\"robots\" content=\"index, follow, max-snippet:-1, max-image-preview:large, max-video-preview:-1\" \/>\n<link rel=\"canonical\" href=\"https:\/\/profi-vnfil.eu\/lt\/naujienos\/\" \/>\n<meta property=\"og:locale\" content=\"lt_LT\" \/>\n<meta property=\"og:type\" content=\"article\" \/>\n<meta property=\"og:title\" content=\"Naujienos | VNFIL\" \/>\n<meta property=\"og:description\" content=\"[vc_row css=\u201c.vc_custom_1576325644999{padding-right: 5% !important;padding-left: 5% !important;}\u201c][vc_column][vc_empty_space height=\u201c50px\u201c][vc_column_text] Sekite projekto naujienas [\/vc_column_text][vc_empty_space][vc_column_text]\u010cia galite rasti m\u016bs\u0173 naujienas, susitikimus ir artimiausias veiklas. Likite prisijung\u0119\u2026[\/vc_column_text][vc_empty_space height=\u201c50px\u201c][dfd_blog_posts posts_to_show=\u201c12&#8243; items_offset=\u201c20&#8243; columns=\u201c3&#8243; thumb_rounded=\u201c6&#8243; show_sort_panel=\u201c\u201c post_show_top_cat=\u201c\u201c post_show_meta_category=\u201c\u201c post_show_content=\u201c\u201c\" \/>\n<meta property=\"og:url\" content=\"https:\/\/profi-vnfil.eu\/lt\/naujienos\/\" \/>\n<meta property=\"og:site_name\" content=\"VNFIL\" \/>\n<meta property=\"article:publisher\" content=\"https:\/\/www.facebook.com\/profivnfil\" \/>\n<meta property=\"og:image\" content=\"https:\/\/profi-vnfil.eu\/wp-content\/uploads\/2020\/01\/featured-image-news.jpg\" \/>\n\t<meta property=\"og:image:width\" content=\"1200\" \/>\n\t<meta property=\"og:image:height\" content=\"630\" \/>\n\t<meta property=\"og:image:type\" content=\"image\/jpeg\" \/>\n<meta name=\"twitter:card\" content=\"summary_large_image\" \/>\n<script type=\"application\/ld+json\" class=\"yoast-schema-graph\">{\"@context\":\"https:\/\/schema.org\",\"@graph\":[{\"@type\":\"WebPage\",\"@id\":\"https:\/\/profi-vnfil.eu\/lt\/naujienos\/\",\"url\":\"https:\/\/profi-vnfil.eu\/lt\/naujienos\/\",\"name\":\"Naujienos | VNFIL\",\"isPartOf\":{\"@id\":\"https:\/\/profi-vnfil.eu\/#website\"},\"datePublished\":\"2019-12-14T20:32:34+00:00\",\"dateModified\":\"2019-12-14T20:32:34+00:00\",\"breadcrumb\":{\"@id\":\"https:\/\/profi-vnfil.eu\/lt\/naujienos\/#breadcrumb\"},\"inLanguage\":\"lt-LT\",\"potentialAction\":[{\"@type\":\"ReadAction\",\"target\":[\"https:\/\/profi-vnfil.eu\/lt\/naujienos\/\"]}]},{\"@type\":\"BreadcrumbList\",\"@id\":\"https:\/\/profi-vnfil.eu\/lt\/naujienos\/#breadcrumb\",\"itemListElement\":[{\"@type\":\"ListItem\",\"position\":1,\"name\":\"Home\",\"item\":\"https:\/\/profi-vnfil.eu\/lt\/pagrindinis-puslapis\/\"},{\"@type\":\"ListItem\",\"position\":2,\"name\":\"Naujienos\"}]},{\"@type\":\"WebSite\",\"@id\":\"https:\/\/profi-vnfil.eu\/#website\",\"url\":\"https:\/\/profi-vnfil.eu\/\",\"name\":\"PROFI VNFIL\",\"description\":\"Validation of Non Formal &amp; Informal Learning\",\"publisher\":{\"@id\":\"https:\/\/profi-vnfil.eu\/#organization\"},\"potentialAction\":[{\"@type\":\"SearchAction\",\"target\":{\"@type\":\"EntryPoint\",\"urlTemplate\":\"https:\/\/profi-vnfil.eu\/?s={search_term_string}\"},\"query-input\":\"required name=search_term_string\"}],\"inLanguage\":\"lt-LT\"},{\"@type\":\"Organization\",\"@id\":\"https:\/\/profi-vnfil.eu\/#organization\",\"name\":\"PROFI VNFIL\",\"url\":\"https:\/\/profi-vnfil.eu\/\",\"logo\":{\"@type\":\"ImageObject\",\"inLanguage\":\"lt-LT\",\"@id\":\"https:\/\/profi-vnfil.eu\/#\/schema\/logo\/image\/\",\"url\":\"https:\/\/profi-vnfil.eu\/wp-content\/uploads\/2020\/02\/profi-logo-150px.png\",\"contentUrl\":\"https:\/\/profi-vnfil.eu\/wp-content\/uploads\/2020\/02\/profi-logo-150px.png\",\"width\":150,\"height\":150,\"caption\":\"PROFI VNFIL\"},\"image\":{\"@id\":\"https:\/\/profi-vnfil.eu\/#\/schema\/logo\/image\/\"},\"sameAs\":[\"https:\/\/www.facebook.com\/profivnfil\"]}]}<\/script>\n<!-- \/ Yoast SEO plugin. -->","yoast_head_json":{"title":"Naujienos | VNFIL","robots":{"index":"index","follow":"follow","max-snippet":"max-snippet:-1","max-image-preview":"max-image-preview:large","max-video-preview":"max-video-preview:-1"},"canonical":"https:\/\/profi-vnfil.eu\/lt\/naujienos\/","og_locale":"lt_LT","og_type":"article","og_title":"Naujienos | VNFIL","og_description":"[vc_row css=\u201c.vc_custom_1576325644999{padding-right: 5% !important;padding-left: 5% !important;}\u201c][vc_column][vc_empty_space height=\u201c50px\u201c][vc_column_text] Sekite projekto naujienas [\/vc_column_text][vc_empty_space][vc_column_text]\u010cia galite rasti m\u016bs\u0173 naujienas, susitikimus ir artimiausias veiklas. Likite prisijung\u0119\u2026[\/vc_column_text][vc_empty_space height=\u201c50px\u201c][dfd_blog_posts posts_to_show=\u201c12&#8243; items_offset=\u201c20&#8243; columns=\u201c3&#8243; thumb_rounded=\u201c6&#8243; show_sort_panel=\u201c\u201c post_show_top_cat=\u201c\u201c post_show_meta_category=\u201c\u201c post_show_content=\u201c\u201c","og_url":"https:\/\/profi-vnfil.eu\/lt\/naujienos\/","og_site_name":"VNFIL","article_publisher":"https:\/\/www.facebook.com\/profivnfil","og_image":[{"width":1200,"height":630,"url":"https:\/\/profi-vnfil.eu\/wp-content\/uploads\/2020\/01\/featured-image-news.jpg","type":"image\/jpeg"}],"twitter_card":"summary_large_image","schema":{"@context":"https:\/\/schema.org","@graph":[{"@type":"WebPage","@id":"https:\/\/profi-vnfil.eu\/lt\/naujienos\/","url":"https:\/\/profi-vnfil.eu\/lt\/naujienos\/","name":"Naujienos | VNFIL","isPartOf":{"@id":"https:\/\/profi-vnfil.eu\/#website"},"datePublished":"2019-12-14T20:32:34+00:00","dateModified":"2019-12-14T20:32:34+00:00","breadcrumb":{"@id":"https:\/\/profi-vnfil.eu\/lt\/naujienos\/#breadcrumb"},"inLanguage":"lt-LT","potentialAction":[{"@type":"ReadAction","target":["https:\/\/profi-vnfil.eu\/lt\/naujienos\/"]}]},{"@type":"BreadcrumbList","@id":"https:\/\/profi-vnfil.eu\/lt\/naujienos\/#breadcrumb","itemListElement":[{"@type":"ListItem","position":1,"name":"Home","item":"https:\/\/profi-vnfil.eu\/lt\/pagrindinis-puslapis\/"},{"@type":"ListItem","position":2,"name":"Naujienos"}]},{"@type":"WebSite","@id":"https:\/\/profi-vnfil.eu\/#website","url":"https:\/\/profi-vnfil.eu\/","name":"PROFI VNFIL","description":"Validation of Non Formal &amp; Informal Learning","publisher":{"@id":"https:\/\/profi-vnfil.eu\/#organization"},"potentialAction":[{"@type":"SearchAction","target":{"@type":"EntryPoint","urlTemplate":"https:\/\/profi-vnfil.eu\/?s={search_term_string}"},"query-input":"required name=search_term_string"}],"inLanguage":"lt-LT"},{"@type":"Organization","@id":"https:\/\/profi-vnfil.eu\/#organization","name":"PROFI VNFIL","url":"https:\/\/profi-vnfil.eu\/","logo":{"@type":"ImageObject","inLanguage":"lt-LT","@id":"https:\/\/profi-vnfil.eu\/#\/schema\/logo\/image\/","url":"https:\/\/profi-vnfil.eu\/wp-content\/uploads\/2020\/02\/profi-logo-150px.png","contentUrl":"https:\/\/profi-vnfil.eu\/wp-content\/uploads\/2020\/02\/profi-logo-150px.png","width":150,"height":150,"caption":"PROFI VNFIL"},"image":{"@id":"https:\/\/profi-vnfil.eu\/#\/schema\/logo\/image\/"},"sameAs":["https:\/\/www.facebook.com\/profivnfil"]}]}},"_links":{"self":[{"href":"https:\/\/profi-vnfil.eu\/lt\/wp-json\/wp\/v2\/pages\/1714"}],"collection":[{"href":"https:\/\/profi-vnfil.eu\/lt\/wp-json\/wp\/v2\/pages"}],"about":[{"href":"https:\/\/profi-vnfil.eu\/lt\/wp-json\/wp\/v2\/types\/page"}],"author":[{"embeddable":true,"href":"https:\/\/profi-vnfil.eu\/lt\/wp-json\/wp\/v2\/users\/1"}],"replies":[{"embeddable":true,"href":"https:\/\/profi-vnfil.eu\/lt\/wp-json\/wp\/v2\/comments?post=1714"}],"version-history":[{"count":0,"href":"https:\/\/profi-vnfil.eu\/lt\/wp-json\/wp\/v2\/pages\/1714\/revisions"}],"wp:featuredmedia":[{"embeddable":true,"href":"https:\/\/profi-vnfil.eu\/lt\/wp-json\/wp\/v2\/media\/2048"}],"wp:attachment":[{"href":"https:\/\/profi-vnfil.eu\/lt\/wp-json\/wp\/v2\/media?parent=1714"}],"curies":[{"name":"wp","href":"https:\/\/api.w.org\/{rel}","templated":true}]}}