{"id":1716,"date":"2019-12-14T22:36:18","date_gmt":"2019-12-14T20:36:18","guid":{"rendered":"https:\/\/profi-vnfil.eu\/medziaga\/"},"modified":"2021-11-22T14:01:21","modified_gmt":"2021-11-22T12:01:21","slug":"rezultatas","status":"publish","type":"page","link":"https:\/\/profi-vnfil.eu\/lt\/rezultatas\/","title":{"rendered":"Rezultatas"},"content":{"rendered":"<p>[vc_row][vc_column][vc_empty_space height=\u201c50px\u201c][\/vc_column][\/vc_row][vc_row css=\u201c.vc_custom_1576325619989{padding-right: 5% !important;padding-left: 5% !important;}\u201c][vc_column width=\u201c1\/2&#8243; col_shadow=\u201cbox_shadow_enable:disable|shadow_horizontal:0|shadow_vertical:15|shadow_blur:50|shadow_spread:0|box_shadow_color:rgba(0%2C0%2C0%2C0.35)\u201c col_shadow_hover=\u201cbox_shadow_enable:enable|shadow_horizontal:0|shadow_vertical:15|shadow_blur:50|shadow_spread:0|box_shadow_color:rgba(0%2C0%2C0%2C0.35)\u201c css=\u201c.vc_custom_1576318986125{border-radius: 10px !important;}\u201c][vc_empty_space height=\u201c50px\u201c][dfd_presentation_bg_decoration ic_dfd_icons=\u201cdfd-socicon-magnifying-glass\u201c title=\u201cKompendiumas\u201c subtitle=\u201cEsam\u0173 inovatyvi\u0173 ir efektyvi\u0173 VNFIL praktik\u0173 ir priemoni\u0173 rinkinio sudarymas\u201c main_content=\u201c\u201c main_style=\u201cstyle-3&#8243; undefined=\u201c\u201c title_font_options=\u201ctag:h3&#8243; subtitle_font_options=\u201ctag:h4|color:%23333333&#8243;][dfd_modal_box display_options=\u201con_click\u201c button_text=\u201cDaugiau\u201c box_shadow=\u201cbox_shadow_enable:disable|shadow_horizontal:0|shadow_vertical:15|shadow_blur:50|shadow_spread:0|box_shadow_color:rgba(0%2C0%2C0%2C0.35)\u201c hover_box_shadow=\u201cbox_shadow_enable:disable|shadow_horizontal:0|shadow_vertical:15|shadow_blur:50|shadow_spread:0|box_shadow_color:rgba(0%2C0%2C0%2C0.35)\u201c modal_box_width=\u201c800&#8243;][vc_column_text]<\/p>\n<h3>Kam yra skirtas \u0161is rinkinys?<\/h3>\n<p>Rinkinys bus unikalus ir inovatyvus esam\u0173 veiksming\u0173 kompetencij\u0173 pripa\u017einimo praktik\u0173 ir priemoni\u0173 paketas, u\u017etikrinantis, kad rinkinyje surinkta informacija gal\u0117s naudotis nacionaliniai VNFIL paslaug\u0173 teik\u0117jai, kurie stengiasi identifikuoti jau pasiteisinusias inovatyvias praktikas ir priemones, skirtas dirbti efektyviau.<\/p>\n<h3>Kaip naudotis rinkinyje esan\u010dia ger\u0105ja patirtimi?<\/h3>\n<p>Rinkinio tikslas \u2013 supa\u017eindinti vartotojus su veiksmingomis neformaliai ir savi\u0161vietos b\u016bdu \u012fgyt\u0173 kompetencij\u0173 pripa\u017einimo praktikomis ir priemon\u0117mis, naudojamomis VNFIL.<br \/>\nVNFIL bendruomen\u0117 bus skatinama naudotis rinkiniu ir pasirinkti metodus, atitinkan\u010dius tam tikr\u0173 tip\u0173 paslaug\u0173 teik\u0117j\u0173 (profesinio mokymo ar suaugusi\u0173 mokymo) poreikius.<br \/>\n\u0160i informacija bus prieinama internete ir bus interaktyvios paie\u0161kos \u012frankio dalis, skirta naudotojams, ie\u0161kantiems inovatyvi\u0173 ir efektyvi\u0173 kitose \u0161alyse naudojam\u0173 VNFIL praktik\u0173 ir priemoni\u0173, tinkan\u010di\u0173 tam tikroms grup\u0117ms. Rinkinys turi b\u016bti laikomas aktualiu esamos situacijos vaizdu ir tur\u0117t\u0173 b\u016bti reguliariai atnaujinamas, nes \u0161ioje spar\u010diai besivystan\u010dioje srityje nuolat atsiranda nauj\u0173 metod\u0173 priemoni\u0173 ir praktik\u0173.[\/vc_column_text][dfd_button button_text=\u201cKompendiumas\u201c select_icon=\u201cfontawesome\u201c ic_fontawesome=\u201cfa fa-sign-in\u201c main_style=\u201cstyle-2&#8243; buttom_link_src=\u201curl:%2Flt%2Fcompendium%2F|title:Compendium||\u201c undefined=\u201c\u201c box_shadow=\u201cbox_shadow_enable:disable|shadow_horizontal:0|shadow_vertical:15|shadow_blur:50|shadow_spread:0|box_shadow_color:rgba(0%2C0%2C0%2C0.35)\u201c hover_box_shadow=\u201cbox_shadow_enable:disable|shadow_horizontal:0|shadow_vertical:15|shadow_blur:50|shadow_spread:0|box_shadow_color:rgba(0%2C0%2C0%2C0.35)\u201c][\/dfd_modal_box][vc_empty_space height=\u201c50px\u201c][\/vc_column][vc_column width=\u201c1\/2&#8243; css=\u201c.vc_custom_1576319010964{border-radius: 10px !important;}\u201c col_shadow=\u201cbox_shadow_enable:disable|shadow_horizontal:0|shadow_vertical:15|shadow_blur:50|shadow_spread:0|box_shadow_color:rgba(0%2C0%2C0%2C0.35)\u201c col_shadow_hover=\u201cbox_shadow_enable:enable|shadow_horizontal:0|shadow_vertical:15|shadow_blur:50|shadow_spread:0|box_shadow_color:rgba(0%2C0%2C0%2C0.35)\u201c][vc_empty_space height=\u201c50px\u201c][dfd_presentation_bg_decoration ic_dfd_icons=\u201cdfd-socicon-open-laptop-computer\u201c title=\u201c\u201eE-portfelis\u201c ir priemoni\u0173 rinkinys\u201c subtitle=\u201cPlatformos ir priemoni\u0173 VNFIL student\u0173 ir kandidat\u0173 sav\u0119s \u012fsivertinimui \u201eE-portfelio\u201c suk\u016brimas\u201c main_content=\u201c\u201c bg_content=\u201c02.\u201c main_style=\u201cstyle-3&#8243; undefined=\u201c\u201c title_font_options=\u201ctag:h3&#8243; subtitle_font_options=\u201ctag:h4|color:%23333333&#8243;][dfd_modal_box display_options=\u201con_click\u201c button_text=\u201cDaugiau\u201c box_shadow=\u201cbox_shadow_enable:disable|shadow_horizontal:0|shadow_vertical:15|shadow_blur:50|shadow_spread:0|box_shadow_color:rgba(0%2C0%2C0%2C0.35)\u201c hover_box_shadow=\u201cbox_shadow_enable:disable|shadow_horizontal:0|shadow_vertical:15|shadow_blur:50|shadow_spread:0|box_shadow_color:rgba(0%2C0%2C0%2C0.35)\u201c modal_box_width=\u201c800&#8243;][vc_column_text]<\/p>\n<h3>E-portfolio \u2013 internetinis \u012frankis, kuris \u012fgalina pasirengti sav\u0119s \u012fsivertinimo apra\u0161\u0105.<\/h3>\n<p>Elektroninis portfolio (el. portfolio) bus skirtas internete rinkti ir tvarkyti naudotojo duomenis tam, kad jis gal\u0117t\u0173 \u012fsivertinti asmeninius \u012fg\u016bd\u017eius ir kompetencijas, \u012fgytas neformaliojo ir savi\u0161vietos mokymosi metu, prie\u0161 pradedant VNFIL.<\/p>\n<p>E \u2013 portfolio bus VNFIL kandidato sugeb\u0117jim\u0173 \u012frodymas. Jis gali b\u016bti naudojamas kaip atrankos priemon\u0117, siekiant nustatyti, ar kandidatas yra pasireng\u0119s i\u0161samiai patvirtinimo proced\u016brai, arba nustatyti reikiamas kompetencijas.<br \/>\nTokie elektroniniai mokymosi ir darbo patirties \u012frodymai apims \u012fvest\u0105 tekst\u0105, elektroninius failus, vaizdus, \u200b\u200bdaugialyp\u0117s terp\u0117s \u012fra\u0161us, tinklara\u0161\u010dio \u012fra\u0161us, nuorodas ir kitus \u012frodymus, kuriuos vartotojas gali nuolat atnaujinti ir paprastai perduoti.<br \/>\nE \u2013 portfolio, viena vertus, palengvins kandidat\u0173 pam\u0105stymus apie j\u0173 pa\u010di\u0173 mokym\u0105si, leis geriau suvokti mokymosi strategijas ir poreikius. Kita vertus, e- portfolio pad\u0117s mokytojams, instruktoriams, vertintojams, konsultantams\/patar\u0117jams ir daugybei VNFIL specialist\u0173 \u012fvertinti ir pripa\u017einti kandidat\u0173 \u012fg\u016bd\u017eius ir kompetencijas.[\/vc_column_text][dfd_button button_text=\u201cE-portfolio\u201c select_icon=\u201cfontawesome\u201c ic_fontawesome=\u201cfa fa-sign-in\u201c main_style=\u201cstyle-2&#8243; buttom_link_src=\u201curl:https%3A%2F%2Fportfolio.profi-vnfil.eu%2Flt%2F|title:E-portfolio\u201c undefined=\u201c\u201c box_shadow=\u201cbox_shadow_enable:disable|shadow_horizontal:0|shadow_vertical:15|shadow_blur:50|shadow_spread:0|box_shadow_color:rgba(0%2C0%2C0%2C0.35)\u201c hover_box_shadow=\u201cbox_shadow_enable:disable|shadow_horizontal:0|shadow_vertical:15|shadow_blur:50|shadow_spread:0|box_shadow_color:rgba(0%2C0%2C0%2C0.35)\u201c][\/dfd_modal_box][vc_empty_space height=\u201c50px\u201c][\/vc_column][\/vc_row][vc_row][vc_column][vc_empty_space height=\u201c50px\u201c][vc_empty_space height=\u201c50px\u201c][\/vc_column][\/vc_row][vc_row css=\u201c.vc_custom_1576325629504{padding-right: 5% !important;padding-left: 5% !important;}\u201c][vc_column width=\u201c1\/2&#8243; col_shadow=\u201cbox_shadow_enable:disable|shadow_horizontal:0|shadow_vertical:15|shadow_blur:50|shadow_spread:0|box_shadow_color:rgba(0%2C0%2C0%2C0.35)\u201c col_shadow_hover=\u201cbox_shadow_enable:enable|shadow_horizontal:0|shadow_vertical:15|shadow_blur:50|shadow_spread:0|box_shadow_color:rgba(0%2C0%2C0%2C0.35)\u201c css=\u201c.vc_custom_1576325019034{border-radius: 10px !important;}\u201c][vc_empty_space height=\u201c50px\u201c][dfd_presentation_bg_decoration ic_dfd_icons=\u201cdfd-socicon-book2&#8243; title=\u201cMokym\u0173 programa\u201c subtitle=\u201cMokytoj\u0173 ir vertintoj\u0173, dalyvaujan\u010di\u0173 VNFIL, mokymo programos suk\u016brimas\u201c main_content=\u201c\u201c bg_content=\u201c03.\u201c main_style=\u201cstyle-3&#8243; undefined=\u201c\u201c title_font_options=\u201ctag:h3&#8243; subtitle_font_options=\u201ctag:h4|color:%23333333&#8243;][dfd_modal_box display_options=\u201con_click\u201c button_text=\u201cDaugiau\u201c box_shadow=\u201cbox_shadow_enable:disable|shadow_horizontal:0|shadow_vertical:15|shadow_blur:50|shadow_spread:0|box_shadow_color:rgba(0%2C0%2C0%2C0.35)\u201c hover_box_shadow=\u201cbox_shadow_enable:disable|shadow_horizontal:0|shadow_vertical:15|shadow_blur:50|shadow_spread:0|box_shadow_color:rgba(0%2C0%2C0%2C0.35)\u201c modal_box_width=\u201c800&#8243;][vc_column_text]<\/p>\n<h3>Mokytoj\u0173 \/ vertintoj\u0173, konsultant\u0173\/patar\u0117j\u0173 mokymo programa skirta:<\/h3>\n<p>&#8211; D\u0117stytojams \/ vertintojams: pateikiami naudingi patarimai, kaip organizuoti vis\u0173 VNFIL dalyvaujan\u010di\u0173 specialist\u0173 mokymus, kad b\u016bt\u0173 padidintos j\u0173 \u017einios ir geb\u0117jimai pl\u0117toti ir \u012fgyvendinti \u012fvairias veiklas ir paslaugas, siekiant pagerinti galimybes naudotis VNFIL.<\/p>\n<p>-Konsultantams\/patar\u0117jams: siekiama padidinti konsultant\u0173\/patar\u0117j\u0173 galimybes teikti auk\u0161tos kokyb\u0117s patarimus ir informacij\u0105 VINFIL kandidatams.<\/p>\n<p>Programa buvo i\u0161bandyta tarptautiniu mastu per mokymus Italijoje su partneri\u0173 darbuotojais ir nacionaliniu lygiu kartu su VNFIL profesionalais. Po to ji u\u017ebaigta ir i\u0161versta \u012f partneri\u0173 kalbas.[\/vc_column_text][dfd_button button_text=\u201cMokym\u0173 programa\u201c main_style=\u201cstyle-2&#8243; buttom_link_src=\u201curl:https%3A%2F%2Fprofi-vnfil.eu%2Fwp-content%2Fuploads%2F2021%2F11%2FLT-PROFI_VNFIL_TRAINING_PROGRAMM_Trainers_PRACTITIONERS_VNFIL_LT.pdf|title:training%20programme|target:_blank\u201c undefined=\u201c\u201c box_shadow=\u201cbox_shadow_enable:disable|shadow_horizontal:0|shadow_vertical:15|shadow_blur:50|shadow_spread:0|box_shadow_color:rgba(0%2C0%2C0%2C0.35)\u201c hover_box_shadow=\u201cbox_shadow_enable:disable|shadow_horizontal:0|shadow_vertical:15|shadow_blur:50|shadow_spread:0|box_shadow_color:rgba(0%2C0%2C0%2C0.35)\u201c tutorials=\u201c\u201c][\/dfd_modal_box][vc_empty_space height=\u201c50px\u201c][\/vc_column][vc_column width=\u201c1\/2&#8243; col_shadow=\u201cbox_shadow_enable:disable|shadow_horizontal:0|shadow_vertical:15|shadow_blur:50|shadow_spread:0|box_shadow_color:rgba(0%2C0%2C0%2C0.35)\u201c col_shadow_hover=\u201cbox_shadow_enable:enable|shadow_horizontal:0|shadow_vertical:15|shadow_blur:50|shadow_spread:0|box_shadow_color:rgba(0%2C0%2C0%2C0.35)\u201c css=\u201c.vc_custom_1576325025943{border-radius: 10px !important;}\u201c][vc_empty_space height=\u201c50px\u201c][dfd_presentation_bg_decoration ic_dfd_icons=\u201cdfd-socicon-suitcase-with-white-details\u201c title=\u201cStrateginiai dokumentai\u201c subtitle=\u201cNacionalin\u0117s strategijos dokument\u0173, skirt\u0173 VNFIL profesiniame mokyme remti kiekvienoje \u0161alyje ir Europoje, suk\u016brimas\u201c main_content=\u201c\u201c bg_content=\u201c04.\u201c main_style=\u201cstyle-3&#8243; undefined=\u201c\u201c title_font_options=\u201ctag:h3&#8243; subtitle_font_options=\u201ctag:h4|color:%23333333&#8243;][dfd_modal_box display_options=\u201con_click\u201c button_text=\u201cDaugiau\u201c box_shadow=\u201cbox_shadow_enable:disable|shadow_horizontal:0|shadow_vertical:15|shadow_blur:50|shadow_spread:0|box_shadow_color:rgba(0%2C0%2C0%2C0.35)\u201c hover_box_shadow=\u201cbox_shadow_enable:disable|shadow_horizontal:0|shadow_vertical:15|shadow_blur:50|shadow_spread:0|box_shadow_color:rgba(0%2C0%2C0%2C0.35)\u201c modal_box_width=\u201c800&#8243;][vc_column_text]<\/p>\n<h3>Nacionaliniai strateginiai dokumentai (NSD), skirti VNFIL paramai profesiniame mokyme<\/h3>\n<p>Nacionalin\u0117s strategijos dokumentais (NSD) siekiama skatinti VNFIL sistemos kokyb\u0119 ir veiksmingum\u0105, remti visuomen\u0119 ir politikos formuotojus.<br \/>\nTai \u2013 novatori\u0161kas po\u017ei\u016bris, nes yra i\u0161ry\u0161kinamos kai kuri\u0173 \u0161ali\u0173 nacionalini\u0173 strategij\u0173 spragos, tarp j\u0173: \u200b\u200bnepakankama parama pripa\u017einimo \u012fsisavinimui ir (arba) nepakankamas proceso matomumas, nedidelis savanori\u0161ko sektoriaus dalyvavimas, skaitmenini\u0173 priemoni\u0173 tr\u016bkumas ir silpni ry\u0161iai tarp pripa\u017einimo veiklos vie\u0161ajame, priva\u010diame ir savanori\u0161kame sektoriuje (Cedefop Inventory VNFIL 2014).<br \/>\nNacionalini\u0173 strategij\u0173 ir rekomendacij\u0173 rengimas paremt\u0173 kokybi\u0161k\u0105 ir veiksming\u0105 VNFIL sistem\u0105 ir pad\u0117t\u0173 kurti tokius ry\u0161ius bei skatinti bendradarbiavim\u0105.<\/p>\n<p><center><div class=\"_df_button \" id=\"df_3192\"  wpoptions=\"true\" >Strateginiai dokumentai<\/div><script data-cfasync=\"false\">var option_df_3192 = {\"outline\":[],\"forceFit\":\"true\",\"autoEnableOutline\":\"false\",\"autoEnableThumbnail\":\"false\",\"overwritePDFOutline\":\"false\",\"direction\":\"1\",\"pageMode\":\"0\",\"source\":\"https:\\\/\\\/profi-vnfil.eu\\\/wp-content\\\/uploads\\\/2021\\\/11\\\/IO4-recommendations_LT-.pdf\",\"wpOptions\":\"true\"}; if(window.DFLIP && DFLIP.parseBooks){DFLIP.parseBooks();}<\/script><\/center>[\/vc_column_text][\/dfd_modal_box][vc_empty_space height=\u201c50px\u201c][\/vc_column][\/vc_row]<\/p>\n","protected":false},"excerpt":{"rendered":"<p>[vc_row][vc_column][vc_empty_space height=\u201c50px\u201c][\/vc_column][\/vc_row][vc_row css=\u201c.vc_custom_1576325619989{padding-right: 5% !important;padding-left: 5% !important;}\u201c][vc_column width=\u201c1\/2&#8243; col_shadow=\u201cbox_shadow_enable:disable|shadow_horizontal:0|shadow_vertical:15|shadow_blur:50|shadow_spread:0|box_shadow_color:rgba(0%2C0%2C0%2C0.35)\u201c col_shadow_hover=\u201cbox_shadow_enable:enable|shadow_horizontal:0|shadow_vertical:15|shadow_blur:50|shadow_spread:0|box_shadow_color:rgba(0%2C0%2C0%2C0.35)\u201c css=\u201c.vc_custom_1576318986125{border-radius: 10px !important;}\u201c][vc_empty_space height=\u201c50px\u201c][dfd_presentation_bg_decoration ic_dfd_icons=\u201cdfd-socicon-magnifying-glass\u201c title=\u201cKompendiumas\u201c subtitle=\u201cEsam\u0173 inovatyvi\u0173 ir efektyvi\u0173 VNFIL praktik\u0173 ir priemoni\u0173 rinkinio sudarymas\u201c main_content=\u201c\u201c main_style=\u201cstyle-3&#8243; undefined=\u201c\u201c title_font_options=\u201ctag:h3&#8243;<\/p>\n","protected":false},"author":1,"featured_media":2043,"parent":0,"menu_order":0,"comment_status":"closed","ping_status":"closed","template":"","meta":[],"yoast_head":"<!-- This site is optimized with the Yoast SEO plugin v20.0 - https:\/\/yoast.com\/wordpress\/plugins\/seo\/ -->\n<title>Rezultatas | VNFIL<\/title>\n<meta name=\"robots\" content=\"index, follow, max-snippet:-1, max-image-preview:large, max-video-preview:-1\" \/>\n<link rel=\"canonical\" href=\"https:\/\/profi-vnfil.eu\/lt\/rezultatas\/\" \/>\n<meta property=\"og:locale\" content=\"lt_LT\" \/>\n<meta property=\"og:type\" content=\"article\" \/>\n<meta property=\"og:title\" content=\"Rezultatas | VNFIL\" \/>\n<meta property=\"og:description\" content=\"[vc_row][vc_column][vc_empty_space height=\u201c50px\u201c][\/vc_column][\/vc_row][vc_row css=\u201c.vc_custom_1576325619989{padding-right: 5% !important;padding-left: 5% !important;}\u201c][vc_column width=\u201c1\/2&#8243; col_shadow=\u201cbox_shadow_enable:disable|shadow_horizontal:0|shadow_vertical:15|shadow_blur:50|shadow_spread:0|box_shadow_color:rgba(0%2C0%2C0%2C0.35)\u201c col_shadow_hover=\u201cbox_shadow_enable:enable|shadow_horizontal:0|shadow_vertical:15|shadow_blur:50|shadow_spread:0|box_shadow_color:rgba(0%2C0%2C0%2C0.35)\u201c css=\u201c.vc_custom_1576318986125{border-radius: 10px !important;}\u201c][vc_empty_space height=\u201c50px\u201c][dfd_presentation_bg_decoration ic_dfd_icons=\u201cdfd-socicon-magnifying-glass\u201c title=\u201cKompendiumas\u201c subtitle=\u201cEsam\u0173 inovatyvi\u0173 ir efektyvi\u0173 VNFIL praktik\u0173 ir priemoni\u0173 rinkinio sudarymas\u201c main_content=\u201c\u201c main_style=\u201cstyle-3&#8243; undefined=\u201c\u201c title_font_options=\u201ctag:h3&#8243;\" \/>\n<meta property=\"og:url\" content=\"https:\/\/profi-vnfil.eu\/lt\/rezultatas\/\" \/>\n<meta property=\"og:site_name\" content=\"VNFIL\" \/>\n<meta property=\"article:publisher\" content=\"https:\/\/www.facebook.com\/profivnfil\" \/>\n<meta property=\"article:modified_time\" content=\"2021-11-22T12:01:21+00:00\" \/>\n<meta property=\"og:image\" content=\"https:\/\/profi-vnfil.eu\/wp-content\/uploads\/2020\/01\/featured-image-material.jpg\" \/>\n\t<meta property=\"og:image:width\" content=\"1200\" \/>\n\t<meta property=\"og:image:height\" content=\"630\" \/>\n\t<meta property=\"og:image:type\" content=\"image\/jpeg\" \/>\n<meta name=\"twitter:card\" content=\"summary_large_image\" \/>\n<meta name=\"twitter:label1\" content=\"Est. reading time\" \/>\n\t<meta name=\"twitter:data1\" content=\"7 minut\u0117s\" \/>\n<script type=\"application\/ld+json\" class=\"yoast-schema-graph\">{\"@context\":\"https:\/\/schema.org\",\"@graph\":[{\"@type\":\"WebPage\",\"@id\":\"https:\/\/profi-vnfil.eu\/lt\/rezultatas\/\",\"url\":\"https:\/\/profi-vnfil.eu\/lt\/rezultatas\/\",\"name\":\"Rezultatas | VNFIL\",\"isPartOf\":{\"@id\":\"https:\/\/profi-vnfil.eu\/#website\"},\"datePublished\":\"2019-12-14T20:36:18+00:00\",\"dateModified\":\"2021-11-22T12:01:21+00:00\",\"breadcrumb\":{\"@id\":\"https:\/\/profi-vnfil.eu\/lt\/rezultatas\/#breadcrumb\"},\"inLanguage\":\"lt-LT\",\"potentialAction\":[{\"@type\":\"ReadAction\",\"target\":[\"https:\/\/profi-vnfil.eu\/lt\/rezultatas\/\"]}]},{\"@type\":\"BreadcrumbList\",\"@id\":\"https:\/\/profi-vnfil.eu\/lt\/rezultatas\/#breadcrumb\",\"itemListElement\":[{\"@type\":\"ListItem\",\"position\":1,\"name\":\"Home\",\"item\":\"https:\/\/profi-vnfil.eu\/lt\/pagrindinis-puslapis\/\"},{\"@type\":\"ListItem\",\"position\":2,\"name\":\"Rezultatas\"}]},{\"@type\":\"WebSite\",\"@id\":\"https:\/\/profi-vnfil.eu\/#website\",\"url\":\"https:\/\/profi-vnfil.eu\/\",\"name\":\"PROFI VNFIL\",\"description\":\"Validation of Non Formal &amp; Informal Learning\",\"publisher\":{\"@id\":\"https:\/\/profi-vnfil.eu\/#organization\"},\"potentialAction\":[{\"@type\":\"SearchAction\",\"target\":{\"@type\":\"EntryPoint\",\"urlTemplate\":\"https:\/\/profi-vnfil.eu\/?s={search_term_string}\"},\"query-input\":\"required name=search_term_string\"}],\"inLanguage\":\"lt-LT\"},{\"@type\":\"Organization\",\"@id\":\"https:\/\/profi-vnfil.eu\/#organization\",\"name\":\"PROFI VNFIL\",\"url\":\"https:\/\/profi-vnfil.eu\/\",\"logo\":{\"@type\":\"ImageObject\",\"inLanguage\":\"lt-LT\",\"@id\":\"https:\/\/profi-vnfil.eu\/#\/schema\/logo\/image\/\",\"url\":\"https:\/\/profi-vnfil.eu\/wp-content\/uploads\/2020\/02\/profi-logo-150px.png\",\"contentUrl\":\"https:\/\/profi-vnfil.eu\/wp-content\/uploads\/2020\/02\/profi-logo-150px.png\",\"width\":150,\"height\":150,\"caption\":\"PROFI VNFIL\"},\"image\":{\"@id\":\"https:\/\/profi-vnfil.eu\/#\/schema\/logo\/image\/\"},\"sameAs\":[\"https:\/\/www.facebook.com\/profivnfil\"]}]}<\/script>\n<!-- \/ Yoast SEO plugin. -->","yoast_head_json":{"title":"Rezultatas | VNFIL","robots":{"index":"index","follow":"follow","max-snippet":"max-snippet:-1","max-image-preview":"max-image-preview:large","max-video-preview":"max-video-preview:-1"},"canonical":"https:\/\/profi-vnfil.eu\/lt\/rezultatas\/","og_locale":"lt_LT","og_type":"article","og_title":"Rezultatas | VNFIL","og_description":"[vc_row][vc_column][vc_empty_space height=\u201c50px\u201c][\/vc_column][\/vc_row][vc_row css=\u201c.vc_custom_1576325619989{padding-right: 5% !important;padding-left: 5% !important;}\u201c][vc_column width=\u201c1\/2&#8243; col_shadow=\u201cbox_shadow_enable:disable|shadow_horizontal:0|shadow_vertical:15|shadow_blur:50|shadow_spread:0|box_shadow_color:rgba(0%2C0%2C0%2C0.35)\u201c col_shadow_hover=\u201cbox_shadow_enable:enable|shadow_horizontal:0|shadow_vertical:15|shadow_blur:50|shadow_spread:0|box_shadow_color:rgba(0%2C0%2C0%2C0.35)\u201c css=\u201c.vc_custom_1576318986125{border-radius: 10px !important;}\u201c][vc_empty_space height=\u201c50px\u201c][dfd_presentation_bg_decoration ic_dfd_icons=\u201cdfd-socicon-magnifying-glass\u201c title=\u201cKompendiumas\u201c subtitle=\u201cEsam\u0173 inovatyvi\u0173 ir efektyvi\u0173 VNFIL praktik\u0173 ir priemoni\u0173 rinkinio sudarymas\u201c main_content=\u201c\u201c main_style=\u201cstyle-3&#8243; undefined=\u201c\u201c title_font_options=\u201ctag:h3&#8243;","og_url":"https:\/\/profi-vnfil.eu\/lt\/rezultatas\/","og_site_name":"VNFIL","article_publisher":"https:\/\/www.facebook.com\/profivnfil","article_modified_time":"2021-11-22T12:01:21+00:00","og_image":[{"width":1200,"height":630,"url":"https:\/\/profi-vnfil.eu\/wp-content\/uploads\/2020\/01\/featured-image-material.jpg","type":"image\/jpeg"}],"twitter_card":"summary_large_image","twitter_misc":{"Est. reading time":"7 minut\u0117s"},"schema":{"@context":"https:\/\/schema.org","@graph":[{"@type":"WebPage","@id":"https:\/\/profi-vnfil.eu\/lt\/rezultatas\/","url":"https:\/\/profi-vnfil.eu\/lt\/rezultatas\/","name":"Rezultatas | VNFIL","isPartOf":{"@id":"https:\/\/profi-vnfil.eu\/#website"},"datePublished":"2019-12-14T20:36:18+00:00","dateModified":"2021-11-22T12:01:21+00:00","breadcrumb":{"@id":"https:\/\/profi-vnfil.eu\/lt\/rezultatas\/#breadcrumb"},"inLanguage":"lt-LT","potentialAction":[{"@type":"ReadAction","target":["https:\/\/profi-vnfil.eu\/lt\/rezultatas\/"]}]},{"@type":"BreadcrumbList","@id":"https:\/\/profi-vnfil.eu\/lt\/rezultatas\/#breadcrumb","itemListElement":[{"@type":"ListItem","position":1,"name":"Home","item":"https:\/\/profi-vnfil.eu\/lt\/pagrindinis-puslapis\/"},{"@type":"ListItem","position":2,"name":"Rezultatas"}]},{"@type":"WebSite","@id":"https:\/\/profi-vnfil.eu\/#website","url":"https:\/\/profi-vnfil.eu\/","name":"PROFI VNFIL","description":"Validation of Non Formal &amp; Informal Learning","publisher":{"@id":"https:\/\/profi-vnfil.eu\/#organization"},"potentialAction":[{"@type":"SearchAction","target":{"@type":"EntryPoint","urlTemplate":"https:\/\/profi-vnfil.eu\/?s={search_term_string}"},"query-input":"required name=search_term_string"}],"inLanguage":"lt-LT"},{"@type":"Organization","@id":"https:\/\/profi-vnfil.eu\/#organization","name":"PROFI VNFIL","url":"https:\/\/profi-vnfil.eu\/","logo":{"@type":"ImageObject","inLanguage":"lt-LT","@id":"https:\/\/profi-vnfil.eu\/#\/schema\/logo\/image\/","url":"https:\/\/profi-vnfil.eu\/wp-content\/uploads\/2020\/02\/profi-logo-150px.png","contentUrl":"https:\/\/profi-vnfil.eu\/wp-content\/uploads\/2020\/02\/profi-logo-150px.png","width":150,"height":150,"caption":"PROFI VNFIL"},"image":{"@id":"https:\/\/profi-vnfil.eu\/#\/schema\/logo\/image\/"},"sameAs":["https:\/\/www.facebook.com\/profivnfil"]}]}},"_links":{"self":[{"href":"https:\/\/profi-vnfil.eu\/lt\/wp-json\/wp\/v2\/pages\/1716"}],"collection":[{"href":"https:\/\/profi-vnfil.eu\/lt\/wp-json\/wp\/v2\/pages"}],"about":[{"href":"https:\/\/profi-vnfil.eu\/lt\/wp-json\/wp\/v2\/types\/page"}],"author":[{"embeddable":true,"href":"https:\/\/profi-vnfil.eu\/lt\/wp-json\/wp\/v2\/users\/1"}],"replies":[{"embeddable":true,"href":"https:\/\/profi-vnfil.eu\/lt\/wp-json\/wp\/v2\/comments?post=1716"}],"version-history":[{"count":20,"href":"https:\/\/profi-vnfil.eu\/lt\/wp-json\/wp\/v2\/pages\/1716\/revisions"}],"predecessor-version":[{"id":3199,"href":"https:\/\/profi-vnfil.eu\/lt\/wp-json\/wp\/v2\/pages\/1716\/revisions\/3199"}],"wp:featuredmedia":[{"embeddable":true,"href":"https:\/\/profi-vnfil.eu\/lt\/wp-json\/wp\/v2\/media\/2043"}],"wp:attachment":[{"href":"https:\/\/profi-vnfil.eu\/lt\/wp-json\/wp\/v2\/media?parent=1716"}],"curies":[{"name":"wp","href":"https:\/\/api.w.org\/{rel}","templated":true}]}}