{"id":1732,"date":"2019-12-14T22:46:28","date_gmt":"2019-12-14T20:46:28","guid":{"rendered":"https:\/\/profi-vnfil.eu\/partneriai\/"},"modified":"2021-03-31T14:37:09","modified_gmt":"2021-03-31T11:37:09","slug":"partneriai","status":"publish","type":"page","link":"https:\/\/profi-vnfil.eu\/lt\/partneriai\/","title":{"rendered":"Partneriai"},"content":{"rendered":"<p>[vc_row css=\u201c.vc_custom_1576325660097{padding-right: 5% !important;padding-left: 5% !important;}\u201c][vc_column][vc_empty_space height=\u201c50px\u201c][dfd_info_banner style=\u201cstyle-28&#8243; img_width=\u201c\u201c img_height=\u201c\u201c title=\u201cLietuvos \u0161vietimo ir mokslo profesin\u0117 s\u0105junga\u201c subtitle=\u201cLietuva\u201c banner_content=\u201cL\u0160MPS yra did\u017eiausia Lietuvos \u0161vietimo ir mokslo profesin\u0117 s\u0105junga. L\u0160MPS yra vienintel\u0117 \u0161vietimo profesin\u0117 s\u0105junga, vienijanti darbuotojus visose \u0161vietimo srityse.\u201c read_more=\u201cmore\u201c readmore_style=\u201cread-more-5&#8243; image_effect=\u201cdfd-image-blur\u201c image=\u201c2999&#8243; title_font_options=\u201ctag:h2|color:%23ffcb00&#8243; subtitle_font_options=\u201ctag:h4&#8243; font_options=\u201ctag:div\u201c link=\u201curl:https%3A%2F%2Fwww.svietimoprofsajunga.lt%2F||target:%20_blank|\u201c readmore_show=\u201cshow\u201c tutorials=\u201c\u201c][vc_row_inner][vc_column_inner width=\u201c1\/2&#8243;][dfd_info_banner style=\u201cstyle-28&#8243; img_width=\u201c\u201c img_height=\u201c\u201c title=\u201cVilniaus automechanikos ir verslo mokykla\u201c subtitle=\u201cLietuva\u201c banner_content=\u201cVAVM: viena did\u017eiausi\u0173 automechanikos ir verslo profesini\u0173 mokykl\u0173 Lietuvoje.\u201c read_more=\u201cbox\u201c readmore_style=\u201cread-more-5&#8243; image_effect=\u201cdfd-image-blur\u201c image=\u201c1350&#8243; title_font_options=\u201ctag:h3|color:%23ffcb00&#8243; subtitle_font_options=\u201ctag:h4&#8243; font_options=\u201ctag:div\u201c link=\u201curl:https%3A%2F%2Fvavm.lt%2F||target:%20_blank|\u201c readmore_show=\u201cshow\u201c][\/vc_column_inner][vc_column_inner width=\u201c1\/2&#8243;][dfd_info_banner style=\u201cstyle-28&#8243; img_width=\u201c\u201c img_height=\u201c\u201c title=\u201cFORMA.Azione\u201c subtitle=\u201cItalija\u201c banner_content=\u201cPrad\u0117jo savo veikl\u0105 1997 m. kaip profesional\u0173 ir konsultant\u0173 asociacija, kuri specializuojasi tiek profesinio mokymo, tiek suaugusi\u0173j\u0173 mokymosi srityje.\u201c read_more=\u201cmore\u201c readmore_style=\u201cread-more-5&#8243; image_effect=\u201cdfd-image-blur\u201c image=\u201c382&#8243; title_font_options=\u201ctag:h3|color:%23ffcb00&#8243; subtitle_font_options=\u201ctag:h4&#8243; font_options=\u201ctag:div\u201c link=\u201curl:https%3A%2F%2Fwww.azione.com%2F%3Flang%3Den||target:%20_blank|\u201c readmore_show=\u201cshow\u201c][\/vc_column_inner][\/vc_row_inner][vc_row_inner][vc_column_inner width=\u201c1\/2&#8243;][dfd_info_banner style=\u201cstyle-28&#8243; img_width=\u201c\u201c img_height=\u201c\u201c title=\u201cCECOA\u201c subtitle=\u201cPortugalija\u201c banner_content=\u201cVie\u0161asis profesinio mokymo centras, \u012fsteigtas remiantis Darbo ir profesinio mokymo instituto ir Portugalijos prekybos ir paslaug\u0173 konfederacijos protokolu\/susitarimu. CECOA tikslas yra skatinti \u0161vietimo ir profesin\u012f mokym\u0105 prekybos ir paslaug\u0173 sektoriuose. CECOA taip pat yra akredituota VNFIL tiek\u0117ja, turinti daugiau nei 15 met\u0173 patirt\u012f \u0161ioje srityje\u201c read_more=\u201cmore\u201c readmore_style=\u201cread-more-5&#8243; image_effect=\u201cdfd-image-blur\u201c image=\u201c1824&#8243; title_font_options=\u201ctag:h3|color:%23ffcb00&#8243; subtitle_font_options=\u201ctag:h4&#8243; font_options=\u201ctag:div\u201c link=\u201curl:https%3A%2F%2Fwww.cecoa.pt%2F||target:%20_blank|\u201c readmore_show=\u201cshow\u201c][\/vc_column_inner][vc_column_inner width=\u201c1\/2&#8243;][dfd_info_banner style=\u201cstyle-28&#8243; img_width=\u201c\u201c img_height=\u201c\u201c title=\u201cp-consulting.gr\u201c subtitle=\u201cGraikija\u201c banner_content=\u201cNovatori\u0161ka ir dinami\u0161ka mokslini\u0173 tyrim\u0173 ir konsultavimo \u012fmon\u0117, \u012fsik\u016brusi Patroje, bet taip pat teikia paslaugas visoje Graikijoje ir Europoje. Pagrindiniai \u012fmon\u0117s tikslai \u2013 kokybi\u0161k\u0173 konsultavimo paslaug\u0173, mokym\u0173 ir ry\u0161i\u0173 technologij\u0173 teikimas.\u201c read_more=\u201cbox\u201c readmore_style=\u201cread-more-5&#8243; image_effect=\u201cdfd-image-blur\u201c image=\u201c385&#8243; title_font_options=\u201ctag:h3|color:%23ffcb00&#8243; subtitle_font_options=\u201ctag:h4&#8243; font_options=\u201ctag:div\u201c link=\u201curl:https%3A%2F%2Fwww.p-consulting.gr%2Fen%2F||target:%20_blank|\u201c readmore_show=\u201cshow\u201c][\/vc_column_inner][\/vc_row_inner][vc_empty_space height=\u201c50px\u201c][\/vc_column][\/vc_row]<\/p>\n","protected":false},"excerpt":{"rendered":"<p>[vc_row css=\u201c.vc_custom_1576325660097{padding-right: 5% !important;padding-left: 5% !important;}\u201c][vc_column][vc_empty_space height=\u201c50px\u201c][dfd_info_banner style=\u201cstyle-28&#8243; img_width=\u201c\u201c img_height=\u201c\u201c title=\u201cLietuvos \u0161vietimo ir mokslo profesin\u0117 s\u0105junga\u201c subtitle=\u201cLietuva\u201c banner_content=\u201cL\u0160MPS yra did\u017eiausia Lietuvos \u0161vietimo ir mokslo profesin\u0117 s\u0105junga. L\u0160MPS yra vienintel\u0117 \u0161vietimo<\/p>\n","protected":false},"author":1,"featured_media":2053,"parent":0,"menu_order":0,"comment_status":"closed","ping_status":"closed","template":"","meta":[],"yoast_head":"<!-- This site is optimized with the Yoast SEO plugin v20.0 - https:\/\/yoast.com\/wordpress\/plugins\/seo\/ -->\n<title>Partneriai | VNFIL<\/title>\n<meta name=\"robots\" content=\"index, follow, max-snippet:-1, max-image-preview:large, max-video-preview:-1\" \/>\n<link rel=\"canonical\" href=\"https:\/\/profi-vnfil.eu\/lt\/partneriai\/\" \/>\n<meta property=\"og:locale\" content=\"lt_LT\" \/>\n<meta property=\"og:type\" content=\"article\" \/>\n<meta property=\"og:title\" content=\"Partneriai | VNFIL\" \/>\n<meta property=\"og:description\" content=\"[vc_row css=\u201c.vc_custom_1576325660097{padding-right: 5% !important;padding-left: 5% !important;}\u201c][vc_column][vc_empty_space height=\u201c50px\u201c][dfd_info_banner style=\u201cstyle-28&#8243; img_width=\u201c\u201c img_height=\u201c\u201c title=\u201cLietuvos \u0161vietimo ir mokslo profesin\u0117 s\u0105junga\u201c subtitle=\u201cLietuva\u201c banner_content=\u201cL\u0160MPS yra did\u017eiausia Lietuvos \u0161vietimo ir mokslo profesin\u0117 s\u0105junga. L\u0160MPS yra vienintel\u0117 \u0161vietimo\" \/>\n<meta property=\"og:url\" content=\"https:\/\/profi-vnfil.eu\/lt\/partneriai\/\" \/>\n<meta property=\"og:site_name\" content=\"VNFIL\" \/>\n<meta property=\"article:publisher\" content=\"https:\/\/www.facebook.com\/profivnfil\" \/>\n<meta property=\"article:modified_time\" content=\"2021-03-31T11:37:09+00:00\" \/>\n<meta property=\"og:image\" content=\"https:\/\/profi-vnfil.eu\/wp-content\/uploads\/2020\/01\/featured-image-partners.jpg\" \/>\n\t<meta property=\"og:image:width\" content=\"1200\" \/>\n\t<meta property=\"og:image:height\" content=\"630\" \/>\n\t<meta property=\"og:image:type\" content=\"image\/jpeg\" \/>\n<meta name=\"twitter:card\" content=\"summary_large_image\" \/>\n<meta name=\"twitter:label1\" content=\"Est. reading time\" \/>\n\t<meta name=\"twitter:data1\" content=\"2 minut\u0117s\" \/>\n<script type=\"application\/ld+json\" class=\"yoast-schema-graph\">{\"@context\":\"https:\/\/schema.org\",\"@graph\":[{\"@type\":\"WebPage\",\"@id\":\"https:\/\/profi-vnfil.eu\/lt\/partneriai\/\",\"url\":\"https:\/\/profi-vnfil.eu\/lt\/partneriai\/\",\"name\":\"Partneriai | VNFIL\",\"isPartOf\":{\"@id\":\"https:\/\/profi-vnfil.eu\/#website\"},\"datePublished\":\"2019-12-14T20:46:28+00:00\",\"dateModified\":\"2021-03-31T11:37:09+00:00\",\"breadcrumb\":{\"@id\":\"https:\/\/profi-vnfil.eu\/lt\/partneriai\/#breadcrumb\"},\"inLanguage\":\"lt-LT\",\"potentialAction\":[{\"@type\":\"ReadAction\",\"target\":[\"https:\/\/profi-vnfil.eu\/lt\/partneriai\/\"]}]},{\"@type\":\"BreadcrumbList\",\"@id\":\"https:\/\/profi-vnfil.eu\/lt\/partneriai\/#breadcrumb\",\"itemListElement\":[{\"@type\":\"ListItem\",\"position\":1,\"name\":\"Home\",\"item\":\"https:\/\/profi-vnfil.eu\/lt\/pagrindinis-puslapis\/\"},{\"@type\":\"ListItem\",\"position\":2,\"name\":\"Partneriai\"}]},{\"@type\":\"WebSite\",\"@id\":\"https:\/\/profi-vnfil.eu\/#website\",\"url\":\"https:\/\/profi-vnfil.eu\/\",\"name\":\"PROFI VNFIL\",\"description\":\"Validation of Non Formal &amp; Informal Learning\",\"publisher\":{\"@id\":\"https:\/\/profi-vnfil.eu\/#organization\"},\"potentialAction\":[{\"@type\":\"SearchAction\",\"target\":{\"@type\":\"EntryPoint\",\"urlTemplate\":\"https:\/\/profi-vnfil.eu\/?s={search_term_string}\"},\"query-input\":\"required name=search_term_string\"}],\"inLanguage\":\"lt-LT\"},{\"@type\":\"Organization\",\"@id\":\"https:\/\/profi-vnfil.eu\/#organization\",\"name\":\"PROFI VNFIL\",\"url\":\"https:\/\/profi-vnfil.eu\/\",\"logo\":{\"@type\":\"ImageObject\",\"inLanguage\":\"lt-LT\",\"@id\":\"https:\/\/profi-vnfil.eu\/#\/schema\/logo\/image\/\",\"url\":\"https:\/\/profi-vnfil.eu\/wp-content\/uploads\/2020\/02\/profi-logo-150px.png\",\"contentUrl\":\"https:\/\/profi-vnfil.eu\/wp-content\/uploads\/2020\/02\/profi-logo-150px.png\",\"width\":150,\"height\":150,\"caption\":\"PROFI VNFIL\"},\"image\":{\"@id\":\"https:\/\/profi-vnfil.eu\/#\/schema\/logo\/image\/\"},\"sameAs\":[\"https:\/\/www.facebook.com\/profivnfil\"]}]}<\/script>\n<!-- \/ Yoast SEO plugin. -->","yoast_head_json":{"title":"Partneriai | VNFIL","robots":{"index":"index","follow":"follow","max-snippet":"max-snippet:-1","max-image-preview":"max-image-preview:large","max-video-preview":"max-video-preview:-1"},"canonical":"https:\/\/profi-vnfil.eu\/lt\/partneriai\/","og_locale":"lt_LT","og_type":"article","og_title":"Partneriai | VNFIL","og_description":"[vc_row css=\u201c.vc_custom_1576325660097{padding-right: 5% !important;padding-left: 5% !important;}\u201c][vc_column][vc_empty_space height=\u201c50px\u201c][dfd_info_banner style=\u201cstyle-28&#8243; img_width=\u201c\u201c img_height=\u201c\u201c title=\u201cLietuvos \u0161vietimo ir mokslo profesin\u0117 s\u0105junga\u201c subtitle=\u201cLietuva\u201c banner_content=\u201cL\u0160MPS yra did\u017eiausia Lietuvos \u0161vietimo ir mokslo profesin\u0117 s\u0105junga. L\u0160MPS yra vienintel\u0117 \u0161vietimo","og_url":"https:\/\/profi-vnfil.eu\/lt\/partneriai\/","og_site_name":"VNFIL","article_publisher":"https:\/\/www.facebook.com\/profivnfil","article_modified_time":"2021-03-31T11:37:09+00:00","og_image":[{"width":1200,"height":630,"url":"https:\/\/profi-vnfil.eu\/wp-content\/uploads\/2020\/01\/featured-image-partners.jpg","type":"image\/jpeg"}],"twitter_card":"summary_large_image","twitter_misc":{"Est. reading time":"2 minut\u0117s"},"schema":{"@context":"https:\/\/schema.org","@graph":[{"@type":"WebPage","@id":"https:\/\/profi-vnfil.eu\/lt\/partneriai\/","url":"https:\/\/profi-vnfil.eu\/lt\/partneriai\/","name":"Partneriai | VNFIL","isPartOf":{"@id":"https:\/\/profi-vnfil.eu\/#website"},"datePublished":"2019-12-14T20:46:28+00:00","dateModified":"2021-03-31T11:37:09+00:00","breadcrumb":{"@id":"https:\/\/profi-vnfil.eu\/lt\/partneriai\/#breadcrumb"},"inLanguage":"lt-LT","potentialAction":[{"@type":"ReadAction","target":["https:\/\/profi-vnfil.eu\/lt\/partneriai\/"]}]},{"@type":"BreadcrumbList","@id":"https:\/\/profi-vnfil.eu\/lt\/partneriai\/#breadcrumb","itemListElement":[{"@type":"ListItem","position":1,"name":"Home","item":"https:\/\/profi-vnfil.eu\/lt\/pagrindinis-puslapis\/"},{"@type":"ListItem","position":2,"name":"Partneriai"}]},{"@type":"WebSite","@id":"https:\/\/profi-vnfil.eu\/#website","url":"https:\/\/profi-vnfil.eu\/","name":"PROFI VNFIL","description":"Validation of Non Formal &amp; Informal Learning","publisher":{"@id":"https:\/\/profi-vnfil.eu\/#organization"},"potentialAction":[{"@type":"SearchAction","target":{"@type":"EntryPoint","urlTemplate":"https:\/\/profi-vnfil.eu\/?s={search_term_string}"},"query-input":"required name=search_term_string"}],"inLanguage":"lt-LT"},{"@type":"Organization","@id":"https:\/\/profi-vnfil.eu\/#organization","name":"PROFI VNFIL","url":"https:\/\/profi-vnfil.eu\/","logo":{"@type":"ImageObject","inLanguage":"lt-LT","@id":"https:\/\/profi-vnfil.eu\/#\/schema\/logo\/image\/","url":"https:\/\/profi-vnfil.eu\/wp-content\/uploads\/2020\/02\/profi-logo-150px.png","contentUrl":"https:\/\/profi-vnfil.eu\/wp-content\/uploads\/2020\/02\/profi-logo-150px.png","width":150,"height":150,"caption":"PROFI VNFIL"},"image":{"@id":"https:\/\/profi-vnfil.eu\/#\/schema\/logo\/image\/"},"sameAs":["https:\/\/www.facebook.com\/profivnfil"]}]}},"_links":{"self":[{"href":"https:\/\/profi-vnfil.eu\/lt\/wp-json\/wp\/v2\/pages\/1732"}],"collection":[{"href":"https:\/\/profi-vnfil.eu\/lt\/wp-json\/wp\/v2\/pages"}],"about":[{"href":"https:\/\/profi-vnfil.eu\/lt\/wp-json\/wp\/v2\/types\/page"}],"author":[{"embeddable":true,"href":"https:\/\/profi-vnfil.eu\/lt\/wp-json\/wp\/v2\/users\/1"}],"replies":[{"embeddable":true,"href":"https:\/\/profi-vnfil.eu\/lt\/wp-json\/wp\/v2\/comments?post=1732"}],"version-history":[{"count":2,"href":"https:\/\/profi-vnfil.eu\/lt\/wp-json\/wp\/v2\/pages\/1732\/revisions"}],"predecessor-version":[{"id":3004,"href":"https:\/\/profi-vnfil.eu\/lt\/wp-json\/wp\/v2\/pages\/1732\/revisions\/3004"}],"wp:featuredmedia":[{"embeddable":true,"href":"https:\/\/profi-vnfil.eu\/lt\/wp-json\/wp\/v2\/media\/2053"}],"wp:attachment":[{"href":"https:\/\/profi-vnfil.eu\/lt\/wp-json\/wp\/v2\/media?parent=1732"}],"curies":[{"name":"wp","href":"https:\/\/api.w.org\/{rel}","templated":true}]}}