{"id":1783,"date":"2019-12-15T14:16:20","date_gmt":"2019-12-15T12:16:20","guid":{"rendered":"https:\/\/profi-vnfil.eu\/resultados\/"},"modified":"2021-11-22T13:59:13","modified_gmt":"2021-11-22T11:59:13","slug":"outputs","status":"publish","type":"page","link":"https:\/\/profi-vnfil.eu\/pt-pt\/outputs\/","title":{"rendered":"Outputs"},"content":{"rendered":"<p>[vc_row][vc_column][vc_empty_space height=&#8221;50px&#8221;][\/vc_column][\/vc_row][vc_row css=&#8221;.vc_custom_1576325619989{padding-right: 5% !important;padding-left: 5% !important;}&#8221;][vc_column width=&#8221;1\/2&#8243; col_shadow=&#8221;box_shadow_enable:disable|shadow_horizontal:0|shadow_vertical:15|shadow_blur:50|shadow_spread:0|box_shadow_color:rgba(0%2C0%2C0%2C0.35)&#8221; col_shadow_hover=&#8221;box_shadow_enable:enable|shadow_horizontal:0|shadow_vertical:15|shadow_blur:50|shadow_spread:0|box_shadow_color:rgba(0%2C0%2C0%2C0.35)&#8221; css=&#8221;.vc_custom_1576318986125{border-radius: 10px !important;}&#8221;][vc_empty_space height=&#8221;50px&#8221;][dfd_presentation_bg_decoration ic_dfd_icons=&#8221;dfd-socicon-magnifying-glass&#8221; title=&#8221;Compendium&#8221; subtitle=&#8221;Compendium de pr\u00e1ticas e ferramentas inovadoras em mat\u00e9ria de valida\u00e7\u00e3o de aprendizagens n\u00e3o formais e informais&#8221; main_content=&#8221;&#8221; main_style=&#8221;style-3&#8243; undefined=&#8221;&#8221; title_font_options=&#8221;tag:h3&#8243; subtitle_font_options=&#8221;tag:h4|color:%23333333&#8243;][dfd_modal_box display_options=&#8221;on_click&#8221; button_text=&#8221;Saiba mais&#8221; box_shadow=&#8221;box_shadow_enable:disable|shadow_horizontal:0|shadow_vertical:15|shadow_blur:50|shadow_spread:0|box_shadow_color:rgba(0%2C0%2C0%2C0.35)&#8221; hover_box_shadow=&#8221;box_shadow_enable:disable|shadow_horizontal:0|shadow_vertical:15|shadow_blur:50|shadow_spread:0|box_shadow_color:rgba(0%2C0%2C0%2C0.35)&#8221; modal_box_width=&#8221;800&#8243;][vc_column_text]<\/p>\n<h3>A quem se dirige este compendium?<\/h3>\n<p>Este compendium pretende ser um pacote \u00fanico e inovador de pr\u00e1ticas e ferramentas de valida\u00e7\u00e3o existentes e eficazes, garantindo que as informa\u00e7\u00f5es aqui compiladas possam ser utilizadas por entidades prestadoras de servi\u00e7os de orienta\u00e7\u00e3o, reconhecimento, valida\u00e7\u00e3o e certifica\u00e7\u00e3o de compet\u00eancias que estejam a tentar identificar pr\u00e1ticas e ferramentas inovadoras que sejam uma ajuda para um trabalho mais eficaz.<\/p>\n<h3>Como \u00e9 que este compendium pode ser usado?<\/h3>\n<p>O objetivo \u00e9 apresentar aos utilizadores uma variedade de pr\u00e1ticas e ferramentas de valida\u00e7\u00e3o dispon\u00edveis e efetivas em mat\u00e9ria de valida\u00e7\u00e3o de aprendizagens n\u00e3o formais e informais.<br \/>\nA \u201ccomunidade VNFIL\u201d \u00e9 incentivada a navegar no compendium para encontrar e selecionar abordagens que atendam \u00e0s necessidades de tipos espec\u00edficos de prestadores (forma\u00e7\u00e3o profissional, educa\u00e7\u00e3o de adultos) ou de profissionais envolvidos na VNFIL (coordenadores, TORVC, formadores, entre outros).<br \/>\nAs diferentes pr\u00e1ticas e ferramentas estar\u00e3o dispon\u00edveis online e far\u00e3o parte de uma ferramenta interativa de pesquisa.<br \/>\nEste compendium deve, portanto, ser considerado um \u201cinstant\u00e2neo\u201d do atual estado da arte, que se pretende seja atualizado regularmente \u00e0 medida que mais ferramentas e pr\u00e1ticas surjam ou sejam identificadas.<br \/>\nO compendium pretende, tamb\u00e9m, ser uma refer\u00eancia para a adapta\u00e7\u00e3o, atualiza\u00e7\u00e3o e desenvolvimento das estrat\u00e9gias de VNFIL, nos diferentes pa\u00edses.[\/vc_column_text][dfd_button button_text=&#8221;Compendium&#8221; select_icon=&#8221;fontawesome&#8221; ic_fontawesome=&#8221;fa fa-sign-in&#8221; main_style=&#8221;style-2&#8243; buttom_link_src=&#8221;url:%2Fpt-pt%2Fcompendium%2F|title:Compendium||&#8221; undefined=&#8221;&#8221; box_shadow=&#8221;box_shadow_enable:disable|shadow_horizontal:0|shadow_vertical:15|shadow_blur:50|shadow_spread:0|box_shadow_color:rgba(0%2C0%2C0%2C0.35)&#8221; hover_box_shadow=&#8221;box_shadow_enable:disable|shadow_horizontal:0|shadow_vertical:15|shadow_blur:50|shadow_spread:0|box_shadow_color:rgba(0%2C0%2C0%2C0.35)&#8221;][\/dfd_modal_box][vc_empty_space height=&#8221;50px&#8221;][\/vc_column][vc_column width=&#8221;1\/2&#8243; css=&#8221;.vc_custom_1576319010964{border-radius: 10px !important;}&#8221; col_shadow=&#8221;box_shadow_enable:disable|shadow_horizontal:0|shadow_vertical:15|shadow_blur:50|shadow_spread:0|box_shadow_color:rgba(0%2C0%2C0%2C0.35)&#8221; col_shadow_hover=&#8221;box_shadow_enable:enable|shadow_horizontal:0|shadow_vertical:15|shadow_blur:50|shadow_spread:0|box_shadow_color:rgba(0%2C0%2C0%2C0.35)&#8221;][vc_empty_space height=&#8221;50px&#8221;][dfd_presentation_bg_decoration ic_dfd_icons=&#8221;dfd-socicon-open-laptop-computer&#8221; title=&#8221;E-portf\u00f3lio &amp; toolkit&#8221; subtitle=&#8221;E-portf\u00f3lio\/plataforma\/ferramenta de auto-avalia\u00e7\u00e3o e de auto-an\u00e1lise de compet\u00eancias para candidatos a certifica\u00e7\u00e3o de compet\u00eancias adquiridas ao longo da vida, pela via n\u00e3o formal e informal&#8221; main_content=&#8221;&#8221; bg_content=&#8221;02.&#8221; main_style=&#8221;style-3&#8243; undefined=&#8221;&#8221; title_font_options=&#8221;tag:h3&#8243; subtitle_font_options=&#8221;tag:h4|color:%23333333&#8243;][dfd_modal_box display_options=&#8221;on_click&#8221; button_text=&#8221;Saiba mais&#8221; box_shadow=&#8221;box_shadow_enable:disable|shadow_horizontal:0|shadow_vertical:15|shadow_blur:50|shadow_spread:0|box_shadow_color:rgba(0%2C0%2C0%2C0.35)&#8221; hover_box_shadow=&#8221;box_shadow_enable:disable|shadow_horizontal:0|shadow_vertical:15|shadow_blur:50|shadow_spread:0|box_shadow_color:rgba(0%2C0%2C0%2C0.35)&#8221; modal_box_width=&#8221;800&#8243;][vc_column_text]<\/p>\n<h3>E-portf\u00f3lio \u2013 uma ferramenta digital para a auto-avalia\u00e7\u00e3o e a auto-an\u00e1lise<\/h3>\n<p>Um portf\u00f3lio eletr\u00f3nico (e-portf\u00f3lio) dispon\u00edvel na Web com o objetivo de coligir evid\u00eancias eletr\u00f3nicas organizadas e geridas por um utilizador, visando promover e facilitar a sua auto-avalia\u00e7\u00e3o e auto-an\u00e1lise de aptid\u00f5es e compet\u00eancias adquiridas ao longo da vida, pela via n\u00e3o formal e informal, antes de este prosseguir para um processo formal de VNFIL.<br \/>\nO e-portf\u00f3lio ser\u00e1 uma demonstra\u00e7\u00e3o das capacidades do candidato \u00e0 certifica\u00e7\u00e3o de compet\u00eancias. Pode, ainda, ser utilizado como uma ferramenta de triagem para determinar se o candidato est\u00e1 pronto para um processo de valida\u00e7\u00e3o completo ou como uma ferramenta de identifica\u00e7\u00e3o das compet\u00eancias necess\u00e1rias para prosseguir esse processo.<br \/>\nAs evid\u00eancias eletr\u00f3nicas do percurso de educa\u00e7\u00e3o, forma\u00e7\u00e3o e trabalho do candidato poder\u00e3o assumir diferentes formatos: texto, ficheiros eletr\u00f3nicos, imagem, ficheiros multim\u00e9dia, entradas de blogs, links e outras evid\u00eancias, que devem puder ser atualizados dinamicamente pelo utilizador e ser pass\u00edveis de transfer\u00eancia.<br \/>\nOs e-portf\u00f3lios, por um lado, facilitar\u00e3o a reflex\u00e3o dos candidatos sobre a sua pr\u00f3pria aprendizagem, levando a uma maior consciencializa\u00e7\u00e3o das estrat\u00e9gias e necessidades de aprendizagem. Por outro lado, ajudar\u00e3o os profissionais envolvidos nos processos de VNFIL a reconhecer, avaliar e validar as aptid\u00f5es e compet\u00eancias destes mesmos candidatos.[\/vc_column_text][dfd_button button_text=&#8221;E-portf\u00f3lio&#8221; select_icon=&#8221;fontawesome&#8221; ic_fontawesome=&#8221;fa fa-sign-in&#8221; main_style=&#8221;style-2&#8243; buttom_link_src=&#8221;url:https%3A%2F%2Fportfolio.profi-vnfil.eu|title:E-portf%C3%B3lio||&#8221; undefined=&#8221;&#8221; box_shadow=&#8221;box_shadow_enable:disable|shadow_horizontal:0|shadow_vertical:15|shadow_blur:50|shadow_spread:0|box_shadow_color:rgba(0%2C0%2C0%2C0.35)&#8221; hover_box_shadow=&#8221;box_shadow_enable:disable|shadow_horizontal:0|shadow_vertical:15|shadow_blur:50|shadow_spread:0|box_shadow_color:rgba(0%2C0%2C0%2C0.35)&#8221;][\/dfd_modal_box][vc_empty_space height=&#8221;50px&#8221;][\/vc_column][\/vc_row][vc_row][vc_column][vc_empty_space height=&#8221;50px&#8221;][vc_empty_space height=&#8221;50px&#8221;][\/vc_column][\/vc_row][vc_row css=&#8221;.vc_custom_1576325629504{padding-right: 5% !important;padding-left: 5% !important;}&#8221;][vc_column width=&#8221;1\/2&#8243; col_shadow=&#8221;box_shadow_enable:disable|shadow_horizontal:0|shadow_vertical:15|shadow_blur:50|shadow_spread:0|box_shadow_color:rgba(0%2C0%2C0%2C0.35)&#8221; col_shadow_hover=&#8221;box_shadow_enable:enable|shadow_horizontal:0|shadow_vertical:15|shadow_blur:50|shadow_spread:0|box_shadow_color:rgba(0%2C0%2C0%2C0.35)&#8221; css=&#8221;.vc_custom_1576325019034{border-radius: 10px !important;}&#8221;][vc_empty_space height=&#8221;50px&#8221;][dfd_presentation_bg_decoration ic_dfd_icons=&#8221;dfd-socicon-book2&#8243; title=&#8221;Programa de Forma\u00e7\u00e3o&#8221; subtitle=&#8221;Programa de forma\u00e7\u00e3o para profissionais envolvidos em processos de orienta\u00e7\u00e3o, reconhecimento, valida\u00e7\u00e3o e certifica\u00e7\u00e3o de compet\u00eancias&#8221; main_content=&#8221;&#8221; bg_content=&#8221;03.&#8221; main_style=&#8221;style-3&#8243; undefined=&#8221;&#8221; title_font_options=&#8221;tag:h3&#8243; subtitle_font_options=&#8221;tag:h4|color:%23333333&#8243;][dfd_modal_box display_options=&#8221;on_click&#8221; button_text=&#8221;Saiba mais&#8221; box_shadow=&#8221;box_shadow_enable:disable|shadow_horizontal:0|shadow_vertical:15|shadow_blur:50|shadow_spread:0|box_shadow_color:rgba(0%2C0%2C0%2C0.35)&#8221; hover_box_shadow=&#8221;box_shadow_enable:disable|shadow_horizontal:0|shadow_vertical:15|shadow_blur:50|shadow_spread:0|box_shadow_color:rgba(0%2C0%2C0%2C0.35)&#8221; modal_box_width=&#8221;800&#8243;][vc_column_text]<\/p>\n<h3><\/h3>\n<p>Programa de forma\u00e7\u00e3o para profissionais envolvidos em processos de orienta\u00e7\u00e3o, reconhecimento, valida\u00e7\u00e3o e certifica\u00e7\u00e3o de compet\u00eancias<\/p>\n<p>Est\u00e3o previstos dois programas de forma\u00e7\u00e3o distintos:<\/p>\n<p>(1) Para formadores \/ avaliadores: contendo dicas \u00fateis sobre como organizar forma\u00e7\u00e3o para todos os profissionais envolvidos na VNFIL tendo em vista aumentar as suas capacidades de desenvolvimento e de implementa\u00e7\u00e3o de atividades e servi\u00e7os para melhorar o acesso \u00e0 orienta\u00e7\u00e3o, reconhecimento, valida\u00e7\u00e3o e certifica\u00e7\u00e3o de compet\u00eancias.<\/p>\n<p>(2) Para conselheiros de orienta\u00e7\u00e3o: com o objetivo de aumentar as suas capacidades de fornecer orienta\u00e7\u00e3o e informa\u00e7\u00e3o adequada e de qualidade a candidatos a processos de reconhecimento, valida\u00e7\u00e3o e certifica\u00e7\u00e3o de compet\u00eancias.<\/p>\n<p>A forma\u00e7\u00e3o ser\u00e1 testada internacionalmente durante uma forma\u00e7\u00e3o para a equipa de parceiros que acontecer\u00e1 em It\u00e1lia, e a n\u00edvel nacional junto de profissionais envolvidos em processos de orienta\u00e7\u00e3o, reconhecimento, valida\u00e7\u00e3o e certifica\u00e7\u00e3o de compet\u00eancias. Depois disso, o programa de forma\u00e7\u00e3o ser\u00e1 finalizado e ficar\u00e1 dispon\u00edvel para utiliza\u00e7\u00e3o e transfer\u00eancia.<br \/>\n[\/vc_column_text][dfd_button button_text=&#8221;Programa de forma\u00e7\u00e3o&#8221; main_style=&#8221;style-2&#8243; buttom_link_src=&#8221;url:https%3A%2F%2Fprofi-vnfil.eu%2Fwp-content%2Fuploads%2F2021%2F11%2FIO3_PROFI_VNFIL_TRAINING_PROGRAMM_Trainers_PRACTITIONERS_VNFIL_FINAL.pdf|title:training%20programme|target:_blank&#8221; undefined=&#8221;&#8221; box_shadow=&#8221;box_shadow_enable:disable|shadow_horizontal:0|shadow_vertical:15|shadow_blur:50|shadow_spread:0|box_shadow_color:rgba(0%2C0%2C0%2C0.35)&#8221; hover_box_shadow=&#8221;box_shadow_enable:disable|shadow_horizontal:0|shadow_vertical:15|shadow_blur:50|shadow_spread:0|box_shadow_color:rgba(0%2C0%2C0%2C0.35)&#8221; tutorials=&#8221;&#8221;][\/dfd_modal_box][vc_empty_space height=&#8221;50px&#8221;][\/vc_column][vc_column width=&#8221;1\/2&#8243; col_shadow=&#8221;box_shadow_enable:disable|shadow_horizontal:0|shadow_vertical:15|shadow_blur:50|shadow_spread:0|box_shadow_color:rgba(0%2C0%2C0%2C0.35)&#8221; col_shadow_hover=&#8221;box_shadow_enable:enable|shadow_horizontal:0|shadow_vertical:15|shadow_blur:50|shadow_spread:0|box_shadow_color:rgba(0%2C0%2C0%2C0.35)&#8221; css=&#8221;.vc_custom_1576325025943{border-radius: 10px !important;}&#8221;][vc_empty_space height=&#8221;50px&#8221;][dfd_presentation_bg_decoration ic_dfd_icons=&#8221;dfd-socicon-suitcase-with-white-details&#8221; title=&#8221;Recomenda\u00e7\u00f5es&#8221; subtitle=&#8221;Recomenda\u00e7\u00f5es para apoiar entidades prestadoras de servi\u00e7os de orienta\u00e7\u00e3o, reconhecimento, valida\u00e7\u00e3o e certifica\u00e7\u00e3o de compet\u00eancias (de n\u00edvel n\u00e3o superior)&#8221; main_content=&#8221;&#8221; bg_content=&#8221;04.&#8221; main_style=&#8221;style-3&#8243; undefined=&#8221;&#8221; title_font_options=&#8221;tag:h3&#8243; subtitle_font_options=&#8221;tag:h4|color:%23333333&#8243;][dfd_modal_box display_options=&#8221;on_click&#8221; button_text=&#8221;Saiba mais&#8221; box_shadow=&#8221;box_shadow_enable:disable|shadow_horizontal:0|shadow_vertical:15|shadow_blur:50|shadow_spread:0|box_shadow_color:rgba(0%2C0%2C0%2C0.35)&#8221; hover_box_shadow=&#8221;box_shadow_enable:disable|shadow_horizontal:0|shadow_vertical:15|shadow_blur:50|shadow_spread:0|box_shadow_color:rgba(0%2C0%2C0%2C0.35)&#8221; modal_box_width=&#8221;800&#8243;][vc_column_text]<\/p>\n<h3>Recomenda\u00e7\u00f5es para apoiar entidades prestadoras de servi\u00e7os de orienta\u00e7\u00e3o, reconhecimento, valida\u00e7\u00e3o e certifica\u00e7\u00e3o de compet\u00eancias (de n\u00edvel n\u00e3o superior)<\/h3>\n<p>As recomenda\u00e7\u00f5es a produzir no \u00e2mbito do projeto visam promover a qualidade e a efici\u00eancia dos sistemas de reconhecimento, valida\u00e7\u00e3o e certifica\u00e7\u00e3o de compet\u00eancias junto da Sociedade e dos decisores pol\u00edticos dos diferentes pa\u00edses da parceria.<br \/>\nTais recomenda\u00e7\u00f5es pretendem contribuir para colmatar lacunas existentes nas estrat\u00e9gias nacionais de alguns pa\u00edses, que incluem: insuficiente apoio ao arranque do sistema e\/ou baixa visibilidade do processo, um baixo envolvimento do setor volunt\u00e1rio, falta de ferramentas digitais e fracas liga\u00e7\u00f5es entre as atividades de valida\u00e7\u00e3o nos setores p\u00fablico, privado e volunt\u00e1rio (Cedefop Inventory VNFIL 2014).<br \/>\nA elabora\u00e7\u00e3o de recomenda\u00e7\u00f5es nacionais de estrat\u00e9gia visa, pois, apoiar, sistemas de reconhecimento, valida\u00e7\u00e3o e certifica\u00e7\u00e3o de compet\u00eancias eficientes e de qualidade, ajudando a criar estas liga\u00e7\u00f5es e promovendo a coopera\u00e7\u00e3o.<\/p>\n<p><center><div class=\"_df_button \" id=\"df_3130\"  wpoptions=\"true\" >\u00c1reas de Melhoria<\/div><script data-cfasync=\"false\">var option_df_3130 = {\"outline\":[],\"forceFit\":\"true\",\"autoEnableOutline\":\"false\",\"autoEnableThumbnail\":\"false\",\"overwritePDFOutline\":\"false\",\"direction\":\"1\",\"pageMode\":\"0\",\"source\":\"https:\\\/\\\/profi-vnfil.eu\\\/wp-content\\\/uploads\\\/2021\\\/11\\\/Memorando_CQ_2021_IO4-RECOMMENDATIONS-PT-VERSION.pdf\",\"wpOptions\":\"true\"}; if(window.DFLIP && DFLIP.parseBooks){DFLIP.parseBooks();}<\/script><\/center>[\/vc_column_text][\/dfd_modal_box][vc_empty_space height=&#8221;50px&#8221;][\/vc_column][\/vc_row]<\/p>\n","protected":false},"excerpt":{"rendered":"<p>[vc_row][vc_column][vc_empty_space height=&#8221;50px&#8221;][\/vc_column][\/vc_row][vc_row css=&#8221;.vc_custom_1576325619989{padding-right: 5% !important;padding-left: 5% !important;}&#8221;][vc_column width=&#8221;1\/2&#8243; col_shadow=&#8221;box_shadow_enable:disable|shadow_horizontal:0|shadow_vertical:15|shadow_blur:50|shadow_spread:0|box_shadow_color:rgba(0%2C0%2C0%2C0.35)&#8221; col_shadow_hover=&#8221;box_shadow_enable:enable|shadow_horizontal:0|shadow_vertical:15|shadow_blur:50|shadow_spread:0|box_shadow_color:rgba(0%2C0%2C0%2C0.35)&#8221; css=&#8221;.vc_custom_1576318986125{border-radius: 10px !important;}&#8221;][vc_empty_space height=&#8221;50px&#8221;][dfd_presentation_bg_decoration ic_dfd_icons=&#8221;dfd-socicon-magnifying-glass&#8221; title=&#8221;Compendium&#8221; subtitle=&#8221;Compendium de pr\u00e1ticas e ferramentas inovadoras em mat\u00e9ria de valida\u00e7\u00e3o de aprendizagens n\u00e3o formais<\/p>\n","protected":false},"author":1,"featured_media":2044,"parent":0,"menu_order":0,"comment_status":"closed","ping_status":"closed","template":"","meta":[],"yoast_head":"<!-- This site is optimized with the Yoast SEO plugin v20.0 - https:\/\/yoast.com\/wordpress\/plugins\/seo\/ -->\n<title>Outputs | VNFIL<\/title>\n<meta name=\"robots\" content=\"index, follow, max-snippet:-1, max-image-preview:large, max-video-preview:-1\" \/>\n<link rel=\"canonical\" href=\"https:\/\/profi-vnfil.eu\/pt-pt\/outputs\/\" \/>\n<meta property=\"og:locale\" content=\"pt_PT\" \/>\n<meta property=\"og:type\" content=\"article\" \/>\n<meta property=\"og:title\" content=\"Outputs | VNFIL\" \/>\n<meta property=\"og:description\" content=\"[vc_row][vc_column][vc_empty_space height=&#8221;50px&#8221;][\/vc_column][\/vc_row][vc_row css=&#8221;.vc_custom_1576325619989{padding-right: 5% !important;padding-left: 5% !important;}&#8221;][vc_column width=&#8221;1\/2&#8243; col_shadow=&#8221;box_shadow_enable:disable|shadow_horizontal:0|shadow_vertical:15|shadow_blur:50|shadow_spread:0|box_shadow_color:rgba(0%2C0%2C0%2C0.35)&#8221; col_shadow_hover=&#8221;box_shadow_enable:enable|shadow_horizontal:0|shadow_vertical:15|shadow_blur:50|shadow_spread:0|box_shadow_color:rgba(0%2C0%2C0%2C0.35)&#8221; css=&#8221;.vc_custom_1576318986125{border-radius: 10px !important;}&#8221;][vc_empty_space height=&#8221;50px&#8221;][dfd_presentation_bg_decoration ic_dfd_icons=&#8221;dfd-socicon-magnifying-glass&#8221; title=&#8221;Compendium&#8221; subtitle=&#8221;Compendium de pr\u00e1ticas e ferramentas inovadoras em mat\u00e9ria de valida\u00e7\u00e3o de aprendizagens n\u00e3o formais\" \/>\n<meta property=\"og:url\" content=\"https:\/\/profi-vnfil.eu\/pt-pt\/outputs\/\" \/>\n<meta property=\"og:site_name\" content=\"VNFIL\" \/>\n<meta property=\"article:publisher\" content=\"https:\/\/www.facebook.com\/profivnfil\" \/>\n<meta property=\"article:modified_time\" content=\"2021-11-22T11:59:13+00:00\" \/>\n<meta property=\"og:image\" content=\"https:\/\/profi-vnfil.eu\/wp-content\/uploads\/2020\/01\/featured-image-material.jpg\" \/>\n\t<meta property=\"og:image:width\" content=\"1200\" \/>\n\t<meta property=\"og:image:height\" content=\"630\" \/>\n\t<meta property=\"og:image:type\" content=\"image\/jpeg\" \/>\n<meta name=\"twitter:card\" content=\"summary_large_image\" \/>\n<meta name=\"twitter:label1\" content=\"Tempo estimado de leitura\" \/>\n\t<meta name=\"twitter:data1\" content=\"9 minutos\" \/>\n<script type=\"application\/ld+json\" class=\"yoast-schema-graph\">{\"@context\":\"https:\/\/schema.org\",\"@graph\":[{\"@type\":\"WebPage\",\"@id\":\"https:\/\/profi-vnfil.eu\/pt-pt\/outputs\/\",\"url\":\"https:\/\/profi-vnfil.eu\/pt-pt\/outputs\/\",\"name\":\"Outputs | VNFIL\",\"isPartOf\":{\"@id\":\"https:\/\/profi-vnfil.eu\/#website\"},\"datePublished\":\"2019-12-15T12:16:20+00:00\",\"dateModified\":\"2021-11-22T11:59:13+00:00\",\"breadcrumb\":{\"@id\":\"https:\/\/profi-vnfil.eu\/pt-pt\/outputs\/#breadcrumb\"},\"inLanguage\":\"pt-PT\",\"potentialAction\":[{\"@type\":\"ReadAction\",\"target\":[\"https:\/\/profi-vnfil.eu\/pt-pt\/outputs\/\"]}]},{\"@type\":\"BreadcrumbList\",\"@id\":\"https:\/\/profi-vnfil.eu\/pt-pt\/outputs\/#breadcrumb\",\"itemListElement\":[{\"@type\":\"ListItem\",\"position\":1,\"name\":\"Home\",\"item\":\"https:\/\/profi-vnfil.eu\/pt-pt\/home\/\"},{\"@type\":\"ListItem\",\"position\":2,\"name\":\"Outputs\"}]},{\"@type\":\"WebSite\",\"@id\":\"https:\/\/profi-vnfil.eu\/#website\",\"url\":\"https:\/\/profi-vnfil.eu\/\",\"name\":\"PROFI VNFIL\",\"description\":\"Validation of Non Formal &amp; Informal Learning\",\"publisher\":{\"@id\":\"https:\/\/profi-vnfil.eu\/#organization\"},\"potentialAction\":[{\"@type\":\"SearchAction\",\"target\":{\"@type\":\"EntryPoint\",\"urlTemplate\":\"https:\/\/profi-vnfil.eu\/?s={search_term_string}\"},\"query-input\":\"required name=search_term_string\"}],\"inLanguage\":\"pt-PT\"},{\"@type\":\"Organization\",\"@id\":\"https:\/\/profi-vnfil.eu\/#organization\",\"name\":\"PROFI VNFIL\",\"url\":\"https:\/\/profi-vnfil.eu\/\",\"logo\":{\"@type\":\"ImageObject\",\"inLanguage\":\"pt-PT\",\"@id\":\"https:\/\/profi-vnfil.eu\/#\/schema\/logo\/image\/\",\"url\":\"https:\/\/profi-vnfil.eu\/wp-content\/uploads\/2020\/02\/profi-logo-150px.png\",\"contentUrl\":\"https:\/\/profi-vnfil.eu\/wp-content\/uploads\/2020\/02\/profi-logo-150px.png\",\"width\":150,\"height\":150,\"caption\":\"PROFI VNFIL\"},\"image\":{\"@id\":\"https:\/\/profi-vnfil.eu\/#\/schema\/logo\/image\/\"},\"sameAs\":[\"https:\/\/www.facebook.com\/profivnfil\"]}]}<\/script>\n<!-- \/ Yoast SEO plugin. -->","yoast_head_json":{"title":"Outputs | VNFIL","robots":{"index":"index","follow":"follow","max-snippet":"max-snippet:-1","max-image-preview":"max-image-preview:large","max-video-preview":"max-video-preview:-1"},"canonical":"https:\/\/profi-vnfil.eu\/pt-pt\/outputs\/","og_locale":"pt_PT","og_type":"article","og_title":"Outputs | VNFIL","og_description":"[vc_row][vc_column][vc_empty_space height=&#8221;50px&#8221;][\/vc_column][\/vc_row][vc_row css=&#8221;.vc_custom_1576325619989{padding-right: 5% !important;padding-left: 5% !important;}&#8221;][vc_column width=&#8221;1\/2&#8243; col_shadow=&#8221;box_shadow_enable:disable|shadow_horizontal:0|shadow_vertical:15|shadow_blur:50|shadow_spread:0|box_shadow_color:rgba(0%2C0%2C0%2C0.35)&#8221; col_shadow_hover=&#8221;box_shadow_enable:enable|shadow_horizontal:0|shadow_vertical:15|shadow_blur:50|shadow_spread:0|box_shadow_color:rgba(0%2C0%2C0%2C0.35)&#8221; css=&#8221;.vc_custom_1576318986125{border-radius: 10px !important;}&#8221;][vc_empty_space height=&#8221;50px&#8221;][dfd_presentation_bg_decoration ic_dfd_icons=&#8221;dfd-socicon-magnifying-glass&#8221; title=&#8221;Compendium&#8221; subtitle=&#8221;Compendium de pr\u00e1ticas e ferramentas inovadoras em mat\u00e9ria de valida\u00e7\u00e3o de aprendizagens n\u00e3o formais","og_url":"https:\/\/profi-vnfil.eu\/pt-pt\/outputs\/","og_site_name":"VNFIL","article_publisher":"https:\/\/www.facebook.com\/profivnfil","article_modified_time":"2021-11-22T11:59:13+00:00","og_image":[{"width":1200,"height":630,"url":"https:\/\/profi-vnfil.eu\/wp-content\/uploads\/2020\/01\/featured-image-material.jpg","type":"image\/jpeg"}],"twitter_card":"summary_large_image","twitter_misc":{"Tempo estimado de leitura":"9 minutos"},"schema":{"@context":"https:\/\/schema.org","@graph":[{"@type":"WebPage","@id":"https:\/\/profi-vnfil.eu\/pt-pt\/outputs\/","url":"https:\/\/profi-vnfil.eu\/pt-pt\/outputs\/","name":"Outputs | VNFIL","isPartOf":{"@id":"https:\/\/profi-vnfil.eu\/#website"},"datePublished":"2019-12-15T12:16:20+00:00","dateModified":"2021-11-22T11:59:13+00:00","breadcrumb":{"@id":"https:\/\/profi-vnfil.eu\/pt-pt\/outputs\/#breadcrumb"},"inLanguage":"pt-PT","potentialAction":[{"@type":"ReadAction","target":["https:\/\/profi-vnfil.eu\/pt-pt\/outputs\/"]}]},{"@type":"BreadcrumbList","@id":"https:\/\/profi-vnfil.eu\/pt-pt\/outputs\/#breadcrumb","itemListElement":[{"@type":"ListItem","position":1,"name":"Home","item":"https:\/\/profi-vnfil.eu\/pt-pt\/home\/"},{"@type":"ListItem","position":2,"name":"Outputs"}]},{"@type":"WebSite","@id":"https:\/\/profi-vnfil.eu\/#website","url":"https:\/\/profi-vnfil.eu\/","name":"PROFI VNFIL","description":"Validation of Non Formal &amp; Informal Learning","publisher":{"@id":"https:\/\/profi-vnfil.eu\/#organization"},"potentialAction":[{"@type":"SearchAction","target":{"@type":"EntryPoint","urlTemplate":"https:\/\/profi-vnfil.eu\/?s={search_term_string}"},"query-input":"required name=search_term_string"}],"inLanguage":"pt-PT"},{"@type":"Organization","@id":"https:\/\/profi-vnfil.eu\/#organization","name":"PROFI VNFIL","url":"https:\/\/profi-vnfil.eu\/","logo":{"@type":"ImageObject","inLanguage":"pt-PT","@id":"https:\/\/profi-vnfil.eu\/#\/schema\/logo\/image\/","url":"https:\/\/profi-vnfil.eu\/wp-content\/uploads\/2020\/02\/profi-logo-150px.png","contentUrl":"https:\/\/profi-vnfil.eu\/wp-content\/uploads\/2020\/02\/profi-logo-150px.png","width":150,"height":150,"caption":"PROFI VNFIL"},"image":{"@id":"https:\/\/profi-vnfil.eu\/#\/schema\/logo\/image\/"},"sameAs":["https:\/\/www.facebook.com\/profivnfil"]}]}},"_links":{"self":[{"href":"https:\/\/profi-vnfil.eu\/pt-pt\/wp-json\/wp\/v2\/pages\/1783"}],"collection":[{"href":"https:\/\/profi-vnfil.eu\/pt-pt\/wp-json\/wp\/v2\/pages"}],"about":[{"href":"https:\/\/profi-vnfil.eu\/pt-pt\/wp-json\/wp\/v2\/types\/page"}],"author":[{"embeddable":true,"href":"https:\/\/profi-vnfil.eu\/pt-pt\/wp-json\/wp\/v2\/users\/1"}],"replies":[{"embeddable":true,"href":"https:\/\/profi-vnfil.eu\/pt-pt\/wp-json\/wp\/v2\/comments?post=1783"}],"version-history":[{"count":11,"href":"https:\/\/profi-vnfil.eu\/pt-pt\/wp-json\/wp\/v2\/pages\/1783\/revisions"}],"predecessor-version":[{"id":3197,"href":"https:\/\/profi-vnfil.eu\/pt-pt\/wp-json\/wp\/v2\/pages\/1783\/revisions\/3197"}],"wp:featuredmedia":[{"embeddable":true,"href":"https:\/\/profi-vnfil.eu\/pt-pt\/wp-json\/wp\/v2\/media\/2044"}],"wp:attachment":[{"href":"https:\/\/profi-vnfil.eu\/pt-pt\/wp-json\/wp\/v2\/media?parent=1783"}],"curies":[{"name":"wp","href":"https:\/\/api.w.org\/{rel}","templated":true}]}}